{"id":382,"date":"2023-01-18T14:01:16","date_gmt":"2023-01-18T13:01:16","guid":{"rendered":"http:\/\/ilstudio.hr\/villa69\/?page_id=382"},"modified":"2023-01-23T15:10:39","modified_gmt":"2023-01-23T14:10:39","slug":"faq","status":"publish","type":"page","link":"https:\/\/villas69.com\/hr\/faq\/","title":{"rendered":"FAQ"},"content":{"rendered":"<ul>\n<li>Koje je vrijeme prijave i odjave?\n<ul>\n<li>Prijava je od 16:00 sati, a odjava do 10:00 sati.<\/li>\n<\/ul>\n<\/li>\n<li>Je li dozvoljeno pu\u0161enje unutar vile?\n<ul>\n<li>Pu\u0161enje je zabranjeno unutar Ville, ali je dopu\u0161teno na balkonima i vanjskim prostorima.<\/li>\n<\/ul>\n<\/li>\n<li>KU\u0106NA PRAVILA:\n<ul>\n<li>Zabranjeno pu\u0161enje u ku\u0107i<\/li>\n<li>Zabave ili doga\u0111anja nisu dopu\u0161teni.<\/li>\n<li>Obavezna prijava svih gostiju, ne prijavljivanje gostiju je ka\u017enjivo.<\/li>\n<li>Po\u0161tujte razdoblje ku\u0107nog reda (23:00 \u2013 07:00).<\/li>\n<li>Po\u0161tujte vrijeme prijave i odjave.<\/li>\n<li>Za izgubljene klju\u010deve napla\u0107uje se naknada za zamjenu.<\/li>\n<li>Molimo vodite ra\u010duna o namje\u0161taju, svaka \u0161teta koja prema\u0161uje sigurnosni polog \u0107e biti pla\u0107ena.<\/li>\n<\/ul>\n<\/li>\n<li>Jesu li ru\u010dnici i posteljina osigurani?\n<ul>\n<li>Da, ru\u010dnici i posteljina su osigurani gostima na kori\u0161tenje.<\/li>\n<\/ul>\n<\/li>\n<li>Jesu li dozvoljeni ku\u0107ni ljubimci?\n<ul>\n<li>Ku\u0107ni ljubimci su dopu\u0161teni na zahtjev, uz nadoplatu od 15 \u20ac po danu.<\/li>\n<\/ul>\n<\/li>\n<li>Koliko je udaljena najbli\u017ea pla\u017ea?\n<ul>\n<li>Najbli\u017ee pla\u017ee nalaze se 1 km od Ville, ostale udaljenosti provjerite u nastavku:\n<ul>\n<li>Najbli\u017ei supermarket: 0,5 km<\/li>\n<li>Udaljenost od mora: 1 km<\/li>\n<li>Najbli\u017ea pla\u017ea: 1 km<\/li>\n<li>Najbli\u017ei restoran: 1 km<\/li>\n<li>Najbli\u017ei kafi\u0107: 1 km<\/li>\n<li>Najbli\u017ea marina: 2 km<\/li>\n<li>Najbli\u017ei golf teren: 2 km<\/li>\n<li>Najbli\u017ei teniski teren: 3 km<\/li>\n<li>Najbli\u017ea bolnica: 7 km<\/li>\n<li>Najbli\u017ea zra\u010dna luka: 25 km<\/li>\n<\/ul>\n<\/li>\n<\/ul>\n<\/li>\n<\/ul>\n<p>Za sva dodatna pitanja slobodno nas kontaktirajte!<\/p>\n<p>&nbsp;<\/p>\n","protected":false},"excerpt":{"rendered":"<p>Koje je vrijeme prijave i odjave? Prijava je od 16:00 sati, a odjava do 10:00 sati. Je li dozvoljeno pu\u0161enje unutar vile? Pu\u0161enje je zabranjeno unutar Ville, ali je dopu\u0161teno na balkonima i vanjskim prostorima. KU\u0106NA PRAVILA: Zabranjeno pu\u0161enje u ku\u0107i Zabave ili doga\u0111anja nisu dopu\u0161teni. Obavezna prijava svih gostiju, ne prijavljivanje gostiju je ka\u017enjivo.<\/p>\n","protected":false},"author":1,"featured_media":374,"parent":0,"menu_order":0,"comment_status":"closed","ping_status":"closed","template":"page-templates\/fullwidthpage.php","meta":[],"acf":[],"yoast_head":"<!-- This site is optimized with the Yoast SEO plugin v16.7 - https:\/\/yoast.com\/wordpress\/plugins\/seo\/ -->\n<title>FAQ - Luksuzne vile u Splitu<\/title>\n<meta name=\"robots\" content=\"index, follow, max-snippet:-1, max-image-preview:large, max-video-preview:-1\" \/>\n<link rel=\"canonical\" href=\"https:\/\/villas69.com\/faq\/\" \/>\n<meta property=\"og:locale\" content=\"hr_HR\" \/>\n<meta property=\"og:type\" content=\"article\" \/>\n<meta property=\"og:title\" content=\"FAQ - Luksuzne vile u Splitu\" \/>\n<meta property=\"og:description\" content=\"Koje je vrijeme prijave i odjave? Prijava je od 16:00 sati, a odjava do 10:00 sati. Je li dozvoljeno pu\u0161enje unutar vile? Pu\u0161enje je zabranjeno unutar Ville, ali je dopu\u0161teno na balkonima i vanjskim prostorima. KU\u0106NA PRAVILA: Zabranjeno pu\u0161enje u ku\u0107i Zabave ili doga\u0111anja nisu dopu\u0161teni. Obavezna prijava svih gostiju, ne prijavljivanje gostiju je ka\u017enjivo.\" \/>\n<meta property=\"og:url\" content=\"https:\/\/villas69.com\/faq\/\" \/>\n<meta property=\"og:site_name\" content=\"Luksuzne vile u Splitu\" \/>\n<meta property=\"article:modified_time\" content=\"2023-01-23T14:10:39+00:00\" \/>\n<meta property=\"og:image\" content=\"http:\/\/villas69.com\/wp-content\/uploads\/2023\/01\/villa_6-26.jpg\" \/>\n\t<meta property=\"og:image:width\" content=\"1000\" \/>\n\t<meta property=\"og:image:height\" content=\"749\" \/>\n<meta name=\"twitter:card\" content=\"summary_large_image\" \/>\n<meta name=\"twitter:label1\" content=\"Procijenjeno vrijeme \u010ditanja\" \/>\n\t<meta name=\"twitter:data1\" content=\"1 minuta\" \/>\n<script type=\"application\/ld+json\" class=\"yoast-schema-graph\">{\"@context\":\"https:\/\/schema.org\",\"@graph\":[{\"@type\":\"Organization\",\"@id\":\"https:\/\/villas69.com\/#organization\",\"name\":\"Villas 69\",\"url\":\"https:\/\/villas69.com\/\",\"sameAs\":[],\"logo\":{\"@type\":\"ImageObject\",\"@id\":\"https:\/\/villas69.com\/#logo\",\"inLanguage\":\"hr\",\"url\":\"http:\/\/villas69.com\/wp-content\/uploads\/2020\/10\/cropped-favicon.png\",\"contentUrl\":\"http:\/\/villas69.com\/wp-content\/uploads\/2020\/10\/cropped-favicon.png\",\"width\":512,\"height\":512,\"caption\":\"Villas 69\"},\"image\":{\"@id\":\"https:\/\/villas69.com\/#logo\"}},{\"@type\":\"WebSite\",\"@id\":\"https:\/\/villas69.com\/#website\",\"url\":\"https:\/\/villas69.com\/\",\"name\":\"Luksuzne vile u Splitu\",\"description\":\"Villas 69\",\"publisher\":{\"@id\":\"https:\/\/villas69.com\/#organization\"},\"potentialAction\":[{\"@type\":\"SearchAction\",\"target\":{\"@type\":\"EntryPoint\",\"urlTemplate\":\"https:\/\/villas69.com\/?s={search_term_string}\"},\"query-input\":\"required name=search_term_string\"}],\"inLanguage\":\"hr\"},{\"@type\":\"ImageObject\",\"@id\":\"https:\/\/villas69.com\/faq\/#primaryimage\",\"inLanguage\":\"hr\",\"url\":\"https:\/\/villas69.com\/wp-content\/uploads\/2023\/01\/villa_6-26.jpg\",\"contentUrl\":\"https:\/\/villas69.com\/wp-content\/uploads\/2023\/01\/villa_6-26.jpg\",\"width\":1000,\"height\":749},{\"@type\":\"WebPage\",\"@id\":\"https:\/\/villas69.com\/faq\/#webpage\",\"url\":\"https:\/\/villas69.com\/faq\/\",\"name\":\"FAQ - Luksuzne vile u Splitu\",\"isPartOf\":{\"@id\":\"https:\/\/villas69.com\/#website\"},\"primaryImageOfPage\":{\"@id\":\"https:\/\/villas69.com\/faq\/#primaryimage\"},\"datePublished\":\"2023-01-18T13:01:16+00:00\",\"dateModified\":\"2023-01-23T14:10:39+00:00\",\"breadcrumb\":{\"@id\":\"https:\/\/villas69.com\/faq\/#breadcrumb\"},\"inLanguage\":\"hr\",\"potentialAction\":[{\"@type\":\"ReadAction\",\"target\":[\"https:\/\/villas69.com\/faq\/\"]}]},{\"@type\":\"BreadcrumbList\",\"@id\":\"https:\/\/villas69.com\/faq\/#breadcrumb\",\"itemListElement\":[{\"@type\":\"ListItem\",\"position\":1,\"name\":\"Home\",\"item\":\"https:\/\/villas69.com\/\"},{\"@type\":\"ListItem\",\"position\":2,\"name\":\"FAQ\"}]}]}<\/script>\n<!-- \/ Yoast SEO plugin. -->","yoast_head_json":{"title":"FAQ - Luksuzne vile u Splitu","robots":{"index":"index","follow":"follow","max-snippet":"max-snippet:-1","max-image-preview":"max-image-preview:large","max-video-preview":"max-video-preview:-1"},"canonical":"https:\/\/villas69.com\/faq\/","og_locale":"hr_HR","og_type":"article","og_title":"FAQ - Luksuzne vile u Splitu","og_description":"Koje je vrijeme prijave i odjave? Prijava je od 16:00 sati, a odjava do 10:00 sati. Je li dozvoljeno pu\u0161enje unutar vile? Pu\u0161enje je zabranjeno unutar Ville, ali je dopu\u0161teno na balkonima i vanjskim prostorima. KU\u0106NA PRAVILA: Zabranjeno pu\u0161enje u ku\u0107i Zabave ili doga\u0111anja nisu dopu\u0161teni. Obavezna prijava svih gostiju, ne prijavljivanje gostiju je ka\u017enjivo.","og_url":"https:\/\/villas69.com\/faq\/","og_site_name":"Luksuzne vile u Splitu","article_modified_time":"2023-01-23T14:10:39+00:00","og_image":[{"width":1000,"height":749,"url":"http:\/\/villas69.com\/wp-content\/uploads\/2023\/01\/villa_6-26.jpg","path":"\/home\/spihr\/villas69.com\/wp-content\/uploads\/2023\/01\/villa_6-26.jpg","size":"full","id":374,"alt":"","pixels":749000,"type":"image\/jpeg"}],"twitter_card":"summary_large_image","twitter_misc":{"Procijenjeno vrijeme \u010ditanja":"1 minuta"},"schema":{"@context":"https:\/\/schema.org","@graph":[{"@type":"Organization","@id":"https:\/\/villas69.com\/#organization","name":"Villas 69","url":"https:\/\/villas69.com\/","sameAs":[],"logo":{"@type":"ImageObject","@id":"https:\/\/villas69.com\/#logo","inLanguage":"hr","url":"http:\/\/villas69.com\/wp-content\/uploads\/2020\/10\/cropped-favicon.png","contentUrl":"http:\/\/villas69.com\/wp-content\/uploads\/2020\/10\/cropped-favicon.png","width":512,"height":512,"caption":"Villas 69"},"image":{"@id":"https:\/\/villas69.com\/#logo"}},{"@type":"WebSite","@id":"https:\/\/villas69.com\/#website","url":"https:\/\/villas69.com\/","name":"Luksuzne vile u Splitu","description":"Villas 69","publisher":{"@id":"https:\/\/villas69.com\/#organization"},"potentialAction":[{"@type":"SearchAction","target":{"@type":"EntryPoint","urlTemplate":"https:\/\/villas69.com\/?s={search_term_string}"},"query-input":"required name=search_term_string"}],"inLanguage":"hr"},{"@type":"ImageObject","@id":"https:\/\/villas69.com\/faq\/#primaryimage","inLanguage":"hr","url":"https:\/\/villas69.com\/wp-content\/uploads\/2023\/01\/villa_6-26.jpg","contentUrl":"https:\/\/villas69.com\/wp-content\/uploads\/2023\/01\/villa_6-26.jpg","width":1000,"height":749},{"@type":"WebPage","@id":"https:\/\/villas69.com\/faq\/#webpage","url":"https:\/\/villas69.com\/faq\/","name":"FAQ - Luksuzne vile u Splitu","isPartOf":{"@id":"https:\/\/villas69.com\/#website"},"primaryImageOfPage":{"@id":"https:\/\/villas69.com\/faq\/#primaryimage"},"datePublished":"2023-01-18T13:01:16+00:00","dateModified":"2023-01-23T14:10:39+00:00","breadcrumb":{"@id":"https:\/\/villas69.com\/faq\/#breadcrumb"},"inLanguage":"hr","potentialAction":[{"@type":"ReadAction","target":["https:\/\/villas69.com\/faq\/"]}]},{"@type":"BreadcrumbList","@id":"https:\/\/villas69.com\/faq\/#breadcrumb","itemListElement":[{"@type":"ListItem","position":1,"name":"Home","item":"https:\/\/villas69.com\/"},{"@type":"ListItem","position":2,"name":"FAQ"}]}]}},"_links":{"self":[{"href":"https:\/\/villas69.com\/hr\/wp-json\/wp\/v2\/pages\/382"}],"collection":[{"href":"https:\/\/villas69.com\/hr\/wp-json\/wp\/v2\/pages"}],"about":[{"href":"https:\/\/villas69.com\/hr\/wp-json\/wp\/v2\/types\/page"}],"author":[{"embeddable":true,"href":"https:\/\/villas69.com\/hr\/wp-json\/wp\/v2\/users\/1"}],"replies":[{"embeddable":true,"href":"https:\/\/villas69.com\/hr\/wp-json\/wp\/v2\/comments?post=382"}],"version-history":[{"count":3,"href":"https:\/\/villas69.com\/hr\/wp-json\/wp\/v2\/pages\/382\/revisions"}],"predecessor-version":[{"id":394,"href":"https:\/\/villas69.com\/hr\/wp-json\/wp\/v2\/pages\/382\/revisions\/394"}],"wp:featuredmedia":[{"embeddable":true,"href":"https:\/\/villas69.com\/hr\/wp-json\/wp\/v2\/media\/374"}],"wp:attachment":[{"href":"https:\/\/villas69.com\/hr\/wp-json\/wp\/v2\/media?parent=382"}],"curies":[{"name":"wp","href":"https:\/\/api.w.org\/{rel}","templated":true}]}}