{"id":3,"date":"2020-07-20T09:06:37","date_gmt":"2020-07-20T09:06:37","guid":{"rendered":"https:\/\/www.ilstudio.hr\/piel\/?page_id=3"},"modified":"2021-07-19T10:14:18","modified_gmt":"2021-07-19T09:14:18","slug":"pravila-privatnosti","status":"publish","type":"page","link":"https:\/\/villas69.com\/hr\/pravila-privatnosti\/","title":{"rendered":"Pravila privatnosti"},"content":{"rendered":"<h4>Izjava o privatnosti<\/h4>\n<p>Piel d.o.o., (u nastavku \u201emi\u201c, \u201enama\u201c, \u201ena\u0161\u201c, itd.) je vlasnik web stranice www.villas69.com (\u201eweb stranica\u201c). Stvorili smo ovu izjavu o privatnosti kako bismo pokazali da brinemo o privatnosti na\u0161ih korisnika te kako bismo ih informirali o na\u010dinima skupljanja i obrade osobnih podataka na ovoj web stranici. Molimo vas da ovu Izjavu pro\u010ditate pa\u017eljivo kako biste saznali kako skupljamo, obra\u0111ujemo, \u0161titimo ili na bilo koji drugi na\u010din koristimo va\u0161e osobne podatke.<\/p>\n<h4>Slu\u017ebenik za za\u0161titu podataka<\/h4>\n<p>Voditelj obrade slu\u017ebenih podataka:<\/p>\n<p>Senzacija d.o.o.<br \/>\nPalmoti\u0107eva 6,<br \/>\n21000 Split<br \/>\ninfo@villas69.com<\/p>\n<h4>Prikupljanje podataka<\/h4>\n<p>Osobni podatak jest svaki podatak koji se odnosi na pojedinca \u010diji je identitet poznat ili se mo\u017ee utvrditi. Pojedinac \u010diji se identitet mo\u017ee utvrditi jest osoba koja se mo\u017ee identificirati izravno ili neizravno, osobito uz pomo\u0107 identifikatora kao \u0161to su ime, identifikacijski broj, podaci o lokaciji, mre\u017eni identifikator ili uz pomo\u0107 jednog ili vi\u0161e \u010dimbenika svojstvenih za fizi\u010dki, fiziolo\u0161ki, genetski, mentalni, ekonomski, kulturni ili socijalni identitet tog pojedinca.<\/p>\n<p>Va\u0161e osobne podatke prikupljamo samo kada nam svojom voljom date takve informacije. Podatke o Vama prikupljamo kada ispunite obrazac za slanje upita.<\/p>\n<p>Trebali biste imati na umu da se neosobne informacije i podaci mogu automatski prikupljati putem na\u0161ih Internet servera ili kori\u0161tenjem \u201ekola\u010di\u0107a\u201c.<\/p>\n<p>Primjeri informacija o Va\u0161em kori\u0161tenju stranice uklju\u010duju: najposje\u0107enije i najgledanije stranice i poveznice na na\u0161oj web stranici, broj ispunjenih obrazaca, vrijeme provedeno na stranici, najpopularnije klju\u010dne rije\u010di koji korisnike vode do na\u0161e stranice, va\u0161a IP adresa, informacije koje se skupljaju putem kola\u010di\u0107a, podaci va\u0161eg ure\u0111aja poput postavki hardwarea, sistemske aktivnosti, vrste pretra\u017eiva\u010da itd.<\/p>\n<h4>Obrada podataka<\/h4>\n<p>Podatke dobivene o vama koristimo samo u svrhu upostave primarnog kanala komunikacije s vama.<\/p>\n<h4>Poveznice s tre\u0107im stranama<\/h4>\n<p>Na na\u0161oj web stranici ne nudimo niti pru\u017eamo usluge ili proizvode tre\u0107ih strana.<\/p>\n<p>Na\u0161a web stranica sadr\u017ei linkove na druge web stranice. Ova pravila privatnosti odnose se samo na stranicu villas69.com, tako da kada posjetite druge web stranice trebali biste pro\u010ditati njihova pravila privatnosti.<\/p>\n<h4>Uporaba kola\u010di\u0107a<\/h4>\n<p>Kola\u010di\u0107i su tekstualne datoteke koje se nalaze na va\u0161em ra\u010dunalu kako bi se prikupile standardne internetske zapise informacija i informacije o pona\u0161anju posjetitelja. Ove se informacije koriste za pra\u0107enje kori\u0161tenja web stranice i za sastavljanje statisti\u010dkih izvje\u0161taja o aktivnostima web stranice. Postavke svojeg preglednika mo\u017eete podesiti tako da ne spremate kola\u010di\u0107e. Me\u0111utim u nekim slu\u010dajevima neke od funkcionalnosti na\u0161e web stranice zahtijevaju kola\u010di\u0107e i mo\u017eda ne\u0107e funkcionirati odlu\u010dite li ih ne prihvatiti.<\/p>\n<h4>Pristup va\u0161im informacijama, izmjenama i drugim pravima<\/h4>\n<p>Imate pravo zatra\u017eiti kopiju podataka koje pohranjujemo o vama. Ukoliko \u017eelite kopiju va\u0161ih osobnih podataka molimo vas da nam po\u0161aljete e-mail na info@villas69.com. \u017delimo biti sigurni da su va\u0161i osobni podaci ispravni i a\u017eurni. Mo\u017eete nas zatra\u017eiti da ispravimo ili uklonimo informacije koje smatrate neto\u010dnim. Tako\u0111er, mo\u017eete zatra\u017eiti da obri\u0161emo sve va\u0161e osobne podatke koje pohranjujemo.<\/p>\n<h4>Prava u svezi osobnih podataka<\/h4>\n<p>Op\u0107a uredba o za\u0161titi podataka (GDPR), regulativa je Europske unije koja \u0161titi va\u0161e osobne podatke i zahtijeva da se prikupljaju u skladu sa zakonom pod strogim uvjetima, za opravdanu svrhu. Osobe ili organizacije koje prikupljaju i upravljaju va\u0161im osobnim podacima moraju ih za\u0161tititi od zloupotrebe te moraju po\u0161tivati odre\u0111ena prava vlasnika podataka koja su zajam\u010dena zakonom EU.<\/p>\n<h4>SLJEDE\u0106A PRAVA ZAJAM\u010cENA SU GDPR REGULATIVOM:<\/h4>\n<p>Pravo na pristup. Pojedinac ima pravo dobiti potvrdu o tome da li se njihovi osobni podaci obra\u0111uju ili ne, i tamo gdje je to slu\u010daj moramo im omogu\u0107iti pristup tim podacima.<\/p>\n<p>Pravo na ispravak. Pojedinci imaju pravo zatra\u017eiti ispravak neto\u010dnih osobnih podataka i pravo dodavanja osobnih podataka koje \u0107e popuniti bilo kakve nepotpune osobne podatke<\/p>\n<p>Pravo na zaborav. U odre\u0111enim slu\u010dajevima, pojedinci imaju pravo zatra\u017eiti brisanje njihovih osobnih podataka.<\/p>\n<p>Pravo na ograni\u010denje obrade. Pojedinci imaju pravo zatra\u017eiti ograni\u010denje obrade, primjenjivo na odre\u0111eno razdoblje i\/ili odre\u0111ene situacije.<\/p>\n<p>Pravo na prenosivost. Pojedinci imaju pravo preuzeti u strukturiranom obliku svoje osobne podatke i imaju pravo prenijeti osobne podatke tre\u0107oj strani.<\/p>\n<p>Pravo na prigovor. U pojedinim slu\u010dajevima, pojedinci imaju pravo prigovora na obra\u0111ivanje njihovih osobnih podataka, uklju\u010duju\u0107i i profiliranje. Imaju pravo prigovora na daljnju obradu osobnih podataka u onoj mjeri u kojoj su prikupljeni u svrhu direktnog marketinga.<\/p>\n<p>Pravo da se ne podlije\u017ee automatiziranoj obradi osobnih podataka. Pojedinci imaju pravo ne biti podvrgnuti odluci koja se temelji isklju\u010divo na automatiziranoj obradi.<\/p>\n<p>Pravo na podno\u0161enje pritu\u017ebi. Pojedinci imaju pravo prilo\u017eiti pritu\u017ebu u vezi s obradom osobnih podataka nadle\u017enim tijelima za za\u0161titu podataka.<\/p>\n<p>Pravo na naknadu \u0161tete. U slu\u010daju kr\u0161enja primjenjivih zakona u obradi osobnih podataka pojedinci imaju pravo tra\u017eiti od\u0161tetu za \u0161tetu koju im je takva povreda mogla uzrokovati.<\/p>\n<h4>Va\u0161a privola<\/h4>\n<p>Kori\u0161tenjem ove web stranice dajete privolu na ovu politiku privatnosti.<\/p>\n<h4>Promjene na\u0161e politike privatnosti<\/h4>\n<p>U slu\u010daju promjena na\u0161e politike privatnosti obavijestit \u0107emo Vas o tome na ovoj stranici i a\u017eurirati datum izmjene politike privatnosti dolje kako slijedi. Ova politika privatnosti je zadnji put izmijenjena 19. svibnja 2018. godine.<\/p>\n<h4>Pravo na pritu\u017ebu nadle\u017enom tijelu<\/h4>\n<p>U bilo kojem trenutku mo\u017eete poslati pritu\u017ebu nadzornom tijelu u vezi na\u0161eg skupljanja i obrade Va\u0161ih osobnih podataka. U Republici Hrvatskoj pritu\u017ebu mo\u017eete podnijeti Agenciji za za\u0161titu osobnih podatka (AZOP)<\/p>\n","protected":false},"excerpt":{"rendered":"<p>Izjava o privatnosti Piel d.o.o., (u nastavku \u201emi\u201c, \u201enama\u201c, \u201ena\u0161\u201c, itd.) je vlasnik web stranice www.villas69.com (\u201eweb stranica\u201c). Stvorili smo ovu izjavu o privatnosti kako bismo pokazali da brinemo o privatnosti na\u0161ih korisnika te kako bismo ih informirali o na\u010dinima skupljanja i obrade osobnih podataka na ovoj web stranici. Molimo vas da ovu Izjavu pro\u010ditate<\/p>\n","protected":false},"author":1,"featured_media":0,"parent":0,"menu_order":0,"comment_status":"closed","ping_status":"open","template":"page-templates\/fullwidthpage.php","meta":[],"acf":[],"yoast_head":"<!-- This site is optimized with the Yoast SEO plugin v16.7 - https:\/\/yoast.com\/wordpress\/plugins\/seo\/ -->\n<title>Pravila privatnosti - Luksuzne vile u Splitu<\/title>\n<meta name=\"robots\" content=\"index, follow, max-snippet:-1, max-image-preview:large, max-video-preview:-1\" \/>\n<link rel=\"canonical\" href=\"https:\/\/villas69.com\/pravila-privatnosti\/\" \/>\n<meta property=\"og:locale\" content=\"hr_HR\" \/>\n<meta property=\"og:type\" content=\"article\" \/>\n<meta property=\"og:title\" content=\"Pravila privatnosti - Luksuzne vile u Splitu\" \/>\n<meta property=\"og:description\" content=\"Izjava o privatnosti Piel d.o.o., (u nastavku \u201emi\u201c, \u201enama\u201c, \u201ena\u0161\u201c, itd.) je vlasnik web stranice www.villas69.com (\u201eweb stranica\u201c). Stvorili smo ovu izjavu o privatnosti kako bismo pokazali da brinemo o privatnosti na\u0161ih korisnika te kako bismo ih informirali o na\u010dinima skupljanja i obrade osobnih podataka na ovoj web stranici. Molimo vas da ovu Izjavu pro\u010ditate\" \/>\n<meta property=\"og:url\" content=\"https:\/\/villas69.com\/pravila-privatnosti\/\" \/>\n<meta property=\"og:site_name\" content=\"Luksuzne vile u Splitu\" \/>\n<meta property=\"article:modified_time\" content=\"2021-07-19T09:14:18+00:00\" \/>\n<meta property=\"og:image\" content=\"https:\/\/villas69.com\/wp-content\/uploads\/2021\/07\/luksuzna-villa-35.jpg\" \/>\n\t<meta property=\"og:image:width\" content=\"1000\" \/>\n\t<meta property=\"og:image:height\" content=\"636\" \/>\n<meta name=\"twitter:card\" content=\"summary_large_image\" \/>\n<meta name=\"twitter:label1\" content=\"Procijenjeno vrijeme \u010ditanja\" \/>\n\t<meta name=\"twitter:data1\" content=\"4 minute\" \/>\n<script type=\"application\/ld+json\" class=\"yoast-schema-graph\">{\"@context\":\"https:\/\/schema.org\",\"@graph\":[{\"@type\":\"Organization\",\"@id\":\"https:\/\/villas69.com\/#organization\",\"name\":\"Villas 69\",\"url\":\"https:\/\/villas69.com\/\",\"sameAs\":[],\"logo\":{\"@type\":\"ImageObject\",\"@id\":\"https:\/\/villas69.com\/#logo\",\"inLanguage\":\"hr\",\"url\":\"http:\/\/villas69.com\/wp-content\/uploads\/2020\/10\/cropped-favicon.png\",\"contentUrl\":\"http:\/\/villas69.com\/wp-content\/uploads\/2020\/10\/cropped-favicon.png\",\"width\":512,\"height\":512,\"caption\":\"Villas 69\"},\"image\":{\"@id\":\"https:\/\/villas69.com\/#logo\"}},{\"@type\":\"WebSite\",\"@id\":\"https:\/\/villas69.com\/#website\",\"url\":\"https:\/\/villas69.com\/\",\"name\":\"Luksuzne vile u Splitu\",\"description\":\"Villas 69\",\"publisher\":{\"@id\":\"https:\/\/villas69.com\/#organization\"},\"potentialAction\":[{\"@type\":\"SearchAction\",\"target\":{\"@type\":\"EntryPoint\",\"urlTemplate\":\"https:\/\/villas69.com\/?s={search_term_string}\"},\"query-input\":\"required name=search_term_string\"}],\"inLanguage\":\"hr\"},{\"@type\":\"WebPage\",\"@id\":\"https:\/\/villas69.com\/pravila-privatnosti\/#webpage\",\"url\":\"https:\/\/villas69.com\/pravila-privatnosti\/\",\"name\":\"Pravila privatnosti - Luksuzne vile u Splitu\",\"isPartOf\":{\"@id\":\"https:\/\/villas69.com\/#website\"},\"datePublished\":\"2020-07-20T09:06:37+00:00\",\"dateModified\":\"2021-07-19T09:14:18+00:00\",\"breadcrumb\":{\"@id\":\"https:\/\/villas69.com\/pravila-privatnosti\/#breadcrumb\"},\"inLanguage\":\"hr\",\"potentialAction\":[{\"@type\":\"ReadAction\",\"target\":[\"https:\/\/villas69.com\/pravila-privatnosti\/\"]}]},{\"@type\":\"BreadcrumbList\",\"@id\":\"https:\/\/villas69.com\/pravila-privatnosti\/#breadcrumb\",\"itemListElement\":[{\"@type\":\"ListItem\",\"position\":1,\"name\":\"Home\",\"item\":\"https:\/\/villas69.com\/\"},{\"@type\":\"ListItem\",\"position\":2,\"name\":\"Pravila privatnosti\"}]}]}<\/script>\n<!-- \/ Yoast SEO plugin. -->","yoast_head_json":{"title":"Pravila privatnosti - Luksuzne vile u Splitu","robots":{"index":"index","follow":"follow","max-snippet":"max-snippet:-1","max-image-preview":"max-image-preview:large","max-video-preview":"max-video-preview:-1"},"canonical":"https:\/\/villas69.com\/pravila-privatnosti\/","og_locale":"hr_HR","og_type":"article","og_title":"Pravila privatnosti - Luksuzne vile u Splitu","og_description":"Izjava o privatnosti Piel d.o.o., (u nastavku \u201emi\u201c, \u201enama\u201c, \u201ena\u0161\u201c, itd.) je vlasnik web stranice www.villas69.com (\u201eweb stranica\u201c). Stvorili smo ovu izjavu o privatnosti kako bismo pokazali da brinemo o privatnosti na\u0161ih korisnika te kako bismo ih informirali o na\u010dinima skupljanja i obrade osobnih podataka na ovoj web stranici. Molimo vas da ovu Izjavu pro\u010ditate","og_url":"https:\/\/villas69.com\/pravila-privatnosti\/","og_site_name":"Luksuzne vile u Splitu","article_modified_time":"2021-07-19T09:14:18+00:00","og_image":[{"width":1000,"height":636,"url":"https:\/\/villas69.com\/wp-content\/uploads\/2021\/07\/luksuzna-villa-35.jpg","path":"\/home\/ilstudio\/villas69.com\/wp-content\/uploads\/2021\/07\/luksuzna-villa-35.jpg","size":"full","id":319,"alt":"Luksuzna Villa 9","pixels":636000,"type":"image\/jpeg"}],"twitter_card":"summary_large_image","twitter_misc":{"Procijenjeno vrijeme \u010ditanja":"4 minute"},"schema":{"@context":"https:\/\/schema.org","@graph":[{"@type":"Organization","@id":"https:\/\/villas69.com\/#organization","name":"Villas 69","url":"https:\/\/villas69.com\/","sameAs":[],"logo":{"@type":"ImageObject","@id":"https:\/\/villas69.com\/#logo","inLanguage":"hr","url":"http:\/\/villas69.com\/wp-content\/uploads\/2020\/10\/cropped-favicon.png","contentUrl":"http:\/\/villas69.com\/wp-content\/uploads\/2020\/10\/cropped-favicon.png","width":512,"height":512,"caption":"Villas 69"},"image":{"@id":"https:\/\/villas69.com\/#logo"}},{"@type":"WebSite","@id":"https:\/\/villas69.com\/#website","url":"https:\/\/villas69.com\/","name":"Luksuzne vile u Splitu","description":"Villas 69","publisher":{"@id":"https:\/\/villas69.com\/#organization"},"potentialAction":[{"@type":"SearchAction","target":{"@type":"EntryPoint","urlTemplate":"https:\/\/villas69.com\/?s={search_term_string}"},"query-input":"required name=search_term_string"}],"inLanguage":"hr"},{"@type":"WebPage","@id":"https:\/\/villas69.com\/pravila-privatnosti\/#webpage","url":"https:\/\/villas69.com\/pravila-privatnosti\/","name":"Pravila privatnosti - Luksuzne vile u Splitu","isPartOf":{"@id":"https:\/\/villas69.com\/#website"},"datePublished":"2020-07-20T09:06:37+00:00","dateModified":"2021-07-19T09:14:18+00:00","breadcrumb":{"@id":"https:\/\/villas69.com\/pravila-privatnosti\/#breadcrumb"},"inLanguage":"hr","potentialAction":[{"@type":"ReadAction","target":["https:\/\/villas69.com\/pravila-privatnosti\/"]}]},{"@type":"BreadcrumbList","@id":"https:\/\/villas69.com\/pravila-privatnosti\/#breadcrumb","itemListElement":[{"@type":"ListItem","position":1,"name":"Home","item":"https:\/\/villas69.com\/"},{"@type":"ListItem","position":2,"name":"Pravila privatnosti"}]}]}},"_links":{"self":[{"href":"https:\/\/villas69.com\/hr\/wp-json\/wp\/v2\/pages\/3"}],"collection":[{"href":"https:\/\/villas69.com\/hr\/wp-json\/wp\/v2\/pages"}],"about":[{"href":"https:\/\/villas69.com\/hr\/wp-json\/wp\/v2\/types\/page"}],"author":[{"embeddable":true,"href":"https:\/\/villas69.com\/hr\/wp-json\/wp\/v2\/users\/1"}],"replies":[{"embeddable":true,"href":"https:\/\/villas69.com\/hr\/wp-json\/wp\/v2\/comments?post=3"}],"version-history":[{"count":5,"href":"https:\/\/villas69.com\/hr\/wp-json\/wp\/v2\/pages\/3\/revisions"}],"predecessor-version":[{"id":340,"href":"https:\/\/villas69.com\/hr\/wp-json\/wp\/v2\/pages\/3\/revisions\/340"}],"wp:attachment":[{"href":"https:\/\/villas69.com\/hr\/wp-json\/wp\/v2\/media?parent=3"}],"curies":[{"name":"wp","href":"https:\/\/api.w.org\/{rel}","templated":true}]}}