{"id":23,"date":"2020-09-04T08:32:13","date_gmt":"2020-09-04T08:32:13","guid":{"rendered":"https:\/\/www.ilstudio.hr\/piel\/?page_id=23"},"modified":"2023-03-07T12:33:03","modified_gmt":"2023-03-07T11:33:03","slug":"villa-9","status":"publish","type":"page","link":"https:\/\/villas69.com\/hr\/villa-9\/","title":{"rendered":"Villa 9"},"content":{"rendered":"<div class=\"row\">\n<div class=\"col-md-6\">Na\u0161e putovanje zapo\u010delo je s modernom i elegantnom Villom 9, savr\u0161enim uto\u010di\u0161tem od u\u017eurbane svakodnevnice. Villa 9 pru\u017ea se na 450m2 te mo\u017ee udobno smjestiti deset osoba za nezaboravan odmor. Pet spava\u0107ih soba s bra\u010dnim krevetom i vlastitim kupaonicama omogu\u0107avaju vam luksuzno iskustvo kakvo zaslu\u017eujete. Dvije potpuno opremljene kuhinje imaju sve \u0161to vam mo\u017ee zatrebati da probudite kuhara u sebi.<br \/>\nNa\u0161 penthouse je projektiran tako da mo\u017ee djelovati potpuno odvojeno od ostatka Ville. Sastoji se od kuhinje, dnevnog boravka, spava\u0107e sobe s bra\u010dnim krevetom, moderne kupaonice i velike terase s jacuzzijem. Povrh svega, ima najbolji zadivljuju\u0107i pogled na kristalno \u010disto Jadransko more i dalmatinske otoke.<\/div>\n<div class=\"col-md-6\">\n<p>Vanjski prostor je dizajniran da bude jedno s prirodom, prostor je za dru\u017eenje i zabavu, gdje gosti mogu u\u017eivati uz privatni bazen i ro\u0161tilj. Nakon dana provedenog na sunce, opu\u0161tanje je zagarantirano u \u0161vedskoj sauni koja se nalazi u sklopu Ville. Suvremeni protuprovalni sustav i osamljena lokacija gostima osiguravaju maksimalnu privatnost.<br \/>\nSvi katovi, od gara\u017ee do penthousea su dostupni liftom. Villa je u potpunosti klimatizirana te ima podno grijanje u svim kupaonicama. Gostima je na raspolaganju praonica s perilicom i su\u0161ilicom rublja, gla\u010dalom i daskom za gla\u010danje te ru\u010dnicima. Privatna gara\u017ea je u suterenu te mo\u017ee primiti do \u010detiri vozila.<\/p>\n<\/div>\n<\/div>\n","protected":false},"excerpt":{"rendered":"<p>Na\u0161e putovanje zapo\u010delo je s modernom i elegantnom Villom 9, savr\u0161enim uto\u010di\u0161tem od u\u017eurbane svakodnevnice. Villa 9 pru\u017ea se na 450m2 te mo\u017ee udobno smjestiti deset osoba za nezaboravan odmor. Pet spava\u0107ih soba s bra\u010dnim krevetom i vlastitim kupaonicama omogu\u0107avaju vam luksuzno iskustvo kakvo zaslu\u017eujete. Dvije potpuno opremljene kuhinje imaju sve \u0161to vam mo\u017ee zatrebati<\/p>\n","protected":false},"author":1,"featured_media":149,"parent":0,"menu_order":0,"comment_status":"closed","ping_status":"closed","template":"page-templates\/house.php","meta":[],"acf":[],"yoast_head":"<!-- This site is optimized with the Yoast SEO plugin v16.7 - https:\/\/yoast.com\/wordpress\/plugins\/seo\/ -->\n<title>Villa 9 - Luksuzne vile u Splitu<\/title>\n<meta name=\"description\" content=\"Villa 9 nudi potpunu privatnost gdje Vas nitko ne\u0107e uznemiravati te udovoljava svim zahtjevima VIP osoba. Villa 9 prostire se na 450 kvadrata\" \/>\n<meta name=\"robots\" content=\"index, follow, max-snippet:-1, max-image-preview:large, max-video-preview:-1\" \/>\n<link rel=\"canonical\" href=\"https:\/\/villas69.com\/villa-9\/\" \/>\n<meta property=\"og:locale\" content=\"hr_HR\" \/>\n<meta property=\"og:type\" content=\"article\" \/>\n<meta property=\"og:title\" content=\"Villa 9 - Luksuzne vile u Splitu\" \/>\n<meta property=\"og:description\" content=\"Villa 9 nudi potpunu privatnost gdje Vas nitko ne\u0107e uznemiravati te udovoljava svim zahtjevima VIP osoba. Villa 9 prostire se na 450 kvadrata\" \/>\n<meta property=\"og:url\" content=\"https:\/\/villas69.com\/villa-9\/\" \/>\n<meta property=\"og:site_name\" content=\"Luksuzne vile u Splitu\" \/>\n<meta property=\"article:modified_time\" content=\"2023-03-07T11:33:03+00:00\" \/>\n<meta property=\"og:image\" content=\"http:\/\/villas69.com\/wp-content\/uploads\/2020\/11\/villa-strozanac-villa-9.jpg\" \/>\n\t<meta property=\"og:image:width\" content=\"1920\" \/>\n\t<meta property=\"og:image:height\" content=\"1279\" \/>\n<meta name=\"twitter:card\" content=\"summary_large_image\" \/>\n<meta name=\"twitter:label1\" content=\"Procijenjeno vrijeme \u010ditanja\" \/>\n\t<meta name=\"twitter:data1\" content=\"1 minuta\" \/>\n<script type=\"application\/ld+json\" class=\"yoast-schema-graph\">{\"@context\":\"https:\/\/schema.org\",\"@graph\":[{\"@type\":\"Organization\",\"@id\":\"https:\/\/villas69.com\/#organization\",\"name\":\"Villas 69\",\"url\":\"https:\/\/villas69.com\/\",\"sameAs\":[],\"logo\":{\"@type\":\"ImageObject\",\"@id\":\"https:\/\/villas69.com\/#logo\",\"inLanguage\":\"hr\",\"url\":\"http:\/\/villas69.com\/wp-content\/uploads\/2020\/10\/cropped-favicon.png\",\"contentUrl\":\"http:\/\/villas69.com\/wp-content\/uploads\/2020\/10\/cropped-favicon.png\",\"width\":512,\"height\":512,\"caption\":\"Villas 69\"},\"image\":{\"@id\":\"https:\/\/villas69.com\/#logo\"}},{\"@type\":\"WebSite\",\"@id\":\"https:\/\/villas69.com\/#website\",\"url\":\"https:\/\/villas69.com\/\",\"name\":\"Luksuzne vile u Splitu\",\"description\":\"Villas 69\",\"publisher\":{\"@id\":\"https:\/\/villas69.com\/#organization\"},\"potentialAction\":[{\"@type\":\"SearchAction\",\"target\":{\"@type\":\"EntryPoint\",\"urlTemplate\":\"https:\/\/villas69.com\/?s={search_term_string}\"},\"query-input\":\"required name=search_term_string\"}],\"inLanguage\":\"hr\"},{\"@type\":\"ImageObject\",\"@id\":\"https:\/\/villas69.com\/villa-9\/#primaryimage\",\"inLanguage\":\"hr\",\"url\":\"https:\/\/villas69.com\/wp-content\/uploads\/2020\/11\/villa-strozanac-villa-9.jpg\",\"contentUrl\":\"https:\/\/villas69.com\/wp-content\/uploads\/2020\/11\/villa-strozanac-villa-9.jpg\",\"width\":1920,\"height\":1279,\"caption\":\"Villa 9 Stro\\u017eanac\"},{\"@type\":\"WebPage\",\"@id\":\"https:\/\/villas69.com\/villa-9\/#webpage\",\"url\":\"https:\/\/villas69.com\/villa-9\/\",\"name\":\"Villa 9 - Luksuzne vile u Splitu\",\"isPartOf\":{\"@id\":\"https:\/\/villas69.com\/#website\"},\"primaryImageOfPage\":{\"@id\":\"https:\/\/villas69.com\/villa-9\/#primaryimage\"},\"datePublished\":\"2020-09-04T08:32:13+00:00\",\"dateModified\":\"2023-03-07T11:33:03+00:00\",\"description\":\"Villa 9 nudi potpunu privatnost gdje Vas nitko ne\\u0107e uznemiravati te udovoljava svim zahtjevima VIP osoba. Villa 9 prostire se na 450 kvadrata\",\"breadcrumb\":{\"@id\":\"https:\/\/villas69.com\/villa-9\/#breadcrumb\"},\"inLanguage\":\"hr\",\"potentialAction\":[{\"@type\":\"ReadAction\",\"target\":[\"https:\/\/villas69.com\/villa-9\/\"]}]},{\"@type\":\"BreadcrumbList\",\"@id\":\"https:\/\/villas69.com\/villa-9\/#breadcrumb\",\"itemListElement\":[{\"@type\":\"ListItem\",\"position\":1,\"name\":\"Home\",\"item\":\"https:\/\/villas69.com\/\"},{\"@type\":\"ListItem\",\"position\":2,\"name\":\"Villa 9\"}]}]}<\/script>\n<!-- \/ Yoast SEO plugin. -->","yoast_head_json":{"title":"Villa 9 - Luksuzne vile u Splitu","description":"Villa 9 nudi potpunu privatnost gdje Vas nitko ne\u0107e uznemiravati te udovoljava svim zahtjevima VIP osoba. Villa 9 prostire se na 450 kvadrata","robots":{"index":"index","follow":"follow","max-snippet":"max-snippet:-1","max-image-preview":"max-image-preview:large","max-video-preview":"max-video-preview:-1"},"canonical":"https:\/\/villas69.com\/villa-9\/","og_locale":"hr_HR","og_type":"article","og_title":"Villa 9 - Luksuzne vile u Splitu","og_description":"Villa 9 nudi potpunu privatnost gdje Vas nitko ne\u0107e uznemiravati te udovoljava svim zahtjevima VIP osoba. Villa 9 prostire se na 450 kvadrata","og_url":"https:\/\/villas69.com\/villa-9\/","og_site_name":"Luksuzne vile u Splitu","article_modified_time":"2023-03-07T11:33:03+00:00","og_image":[{"width":1920,"height":1279,"url":"http:\/\/villas69.com\/wp-content\/uploads\/2020\/11\/villa-strozanac-villa-9.jpg","path":"\/home\/spihr\/villas69.com\/wp-content\/uploads\/2020\/11\/villa-strozanac-villa-9.jpg","size":"full","id":149,"alt":"Villa 9 Stro\u017eanac","pixels":2455680,"type":"image\/jpeg"}],"twitter_card":"summary_large_image","twitter_misc":{"Procijenjeno vrijeme \u010ditanja":"1 minuta"},"schema":{"@context":"https:\/\/schema.org","@graph":[{"@type":"Organization","@id":"https:\/\/villas69.com\/#organization","name":"Villas 69","url":"https:\/\/villas69.com\/","sameAs":[],"logo":{"@type":"ImageObject","@id":"https:\/\/villas69.com\/#logo","inLanguage":"hr","url":"http:\/\/villas69.com\/wp-content\/uploads\/2020\/10\/cropped-favicon.png","contentUrl":"http:\/\/villas69.com\/wp-content\/uploads\/2020\/10\/cropped-favicon.png","width":512,"height":512,"caption":"Villas 69"},"image":{"@id":"https:\/\/villas69.com\/#logo"}},{"@type":"WebSite","@id":"https:\/\/villas69.com\/#website","url":"https:\/\/villas69.com\/","name":"Luksuzne vile u Splitu","description":"Villas 69","publisher":{"@id":"https:\/\/villas69.com\/#organization"},"potentialAction":[{"@type":"SearchAction","target":{"@type":"EntryPoint","urlTemplate":"https:\/\/villas69.com\/?s={search_term_string}"},"query-input":"required name=search_term_string"}],"inLanguage":"hr"},{"@type":"ImageObject","@id":"https:\/\/villas69.com\/villa-9\/#primaryimage","inLanguage":"hr","url":"https:\/\/villas69.com\/wp-content\/uploads\/2020\/11\/villa-strozanac-villa-9.jpg","contentUrl":"https:\/\/villas69.com\/wp-content\/uploads\/2020\/11\/villa-strozanac-villa-9.jpg","width":1920,"height":1279,"caption":"Villa 9 Stro\u017eanac"},{"@type":"WebPage","@id":"https:\/\/villas69.com\/villa-9\/#webpage","url":"https:\/\/villas69.com\/villa-9\/","name":"Villa 9 - Luksuzne vile u Splitu","isPartOf":{"@id":"https:\/\/villas69.com\/#website"},"primaryImageOfPage":{"@id":"https:\/\/villas69.com\/villa-9\/#primaryimage"},"datePublished":"2020-09-04T08:32:13+00:00","dateModified":"2023-03-07T11:33:03+00:00","description":"Villa 9 nudi potpunu privatnost gdje Vas nitko ne\u0107e uznemiravati te udovoljava svim zahtjevima VIP osoba. Villa 9 prostire se na 450 kvadrata","breadcrumb":{"@id":"https:\/\/villas69.com\/villa-9\/#breadcrumb"},"inLanguage":"hr","potentialAction":[{"@type":"ReadAction","target":["https:\/\/villas69.com\/villa-9\/"]}]},{"@type":"BreadcrumbList","@id":"https:\/\/villas69.com\/villa-9\/#breadcrumb","itemListElement":[{"@type":"ListItem","position":1,"name":"Home","item":"https:\/\/villas69.com\/"},{"@type":"ListItem","position":2,"name":"Villa 9"}]}]}},"_links":{"self":[{"href":"https:\/\/villas69.com\/hr\/wp-json\/wp\/v2\/pages\/23"}],"collection":[{"href":"https:\/\/villas69.com\/hr\/wp-json\/wp\/v2\/pages"}],"about":[{"href":"https:\/\/villas69.com\/hr\/wp-json\/wp\/v2\/types\/page"}],"author":[{"embeddable":true,"href":"https:\/\/villas69.com\/hr\/wp-json\/wp\/v2\/users\/1"}],"replies":[{"embeddable":true,"href":"https:\/\/villas69.com\/hr\/wp-json\/wp\/v2\/comments?post=23"}],"version-history":[{"count":39,"href":"https:\/\/villas69.com\/hr\/wp-json\/wp\/v2\/pages\/23\/revisions"}],"predecessor-version":[{"id":729,"href":"https:\/\/villas69.com\/hr\/wp-json\/wp\/v2\/pages\/23\/revisions\/729"}],"wp:featuredmedia":[{"embeddable":true,"href":"https:\/\/villas69.com\/hr\/wp-json\/wp\/v2\/media\/149"}],"wp:attachment":[{"href":"https:\/\/villas69.com\/hr\/wp-json\/wp\/v2\/media?parent=23"}],"curies":[{"name":"wp","href":"https:\/\/api.w.org\/{rel}","templated":true}]}}