{"id":2,"date":"2020-07-20T09:06:37","date_gmt":"2020-07-20T09:06:37","guid":{"rendered":"https:\/\/www.ilstudio.hr\/piel\/?page_id=2"},"modified":"2023-02-22T18:21:46","modified_gmt":"2023-02-22T17:21:46","slug":"sample-page","status":"publish","type":"page","link":"https:\/\/villas69.com\/hr\/","title":{"rendered":"Luksuzne vile Split"},"content":{"rendered":"<div class=\"row\">\n<div class=\"col-md-6\">Dio turisti\u010dke slike u blizini Splita su Ville 6 i 9, smje\u0161tene na isto\u010dnom dijelu grada odakle puca prekrasan pogled na more, pla\u017eu i okolne otoke. Ville 6 i 9 nalaze se u mirnoj \u010detvrti te su mjesto odmora na\u0161ih dragih gostiju iz cijeloga svijeta. Centar grada nalazi se na udaljenosti od tek 15-ak minuti vo\u017enje od na\u0161ih villa.<\/div>\n<div class=\"col-md-6\">Split nudi brojna doga\u0111anja posebice u ljetnim mjesecima. Najzna\u010dajniji je Ultra Europe festival koji dovodi desetke tisu\u0107a mladih \u017eeljnih dobre elektronske glazbe. Do centra grada najbr\u017ee se dolazi taksijem ili vlastitim vozilom, no i gradske autobusne linije \u010desto voze prolaze\u0107i u neposrednoj blizini ville.<\/div>\n<\/div>\n","protected":false},"excerpt":{"rendered":"<p>Dio turisti\u010dke slike u blizini Splita su Ville 6 i 9, smje\u0161tene na isto\u010dnom dijelu grada odakle puca prekrasan pogled na more, pla\u017eu i okolne otoke. Ville 6 i 9 nalaze se u mirnoj \u010detvrti te su mjesto odmora na\u0161ih dragih gostiju iz cijeloga svijeta. Centar grada nalazi se na udaljenosti od tek 15-ak minuti<\/p>\n","protected":false},"author":1,"featured_media":8,"parent":0,"menu_order":0,"comment_status":"closed","ping_status":"open","template":"page-templates\/homepage.php","meta":[],"acf":[],"yoast_head":"<!-- This site is optimized with the Yoast SEO plugin v16.7 - https:\/\/yoast.com\/wordpress\/plugins\/seo\/ -->\n<title>Luksuzne vile Split - Villas69<\/title>\n<meta name=\"description\" content=\"Luksuzne vile 6 i 9 u blizini Splita, smje\u0161tene na isto\u010dnom dijelu grada odakle puca prekrasan pogled na more, pla\u017eu i okolne otoke\" \/>\n<meta name=\"robots\" content=\"index, follow, max-snippet:-1, max-image-preview:large, max-video-preview:-1\" \/>\n<link rel=\"canonical\" href=\"https:\/\/villas69.com\/\" \/>\n<meta property=\"og:locale\" content=\"hr_HR\" \/>\n<meta property=\"og:type\" content=\"article\" \/>\n<meta property=\"og:title\" content=\"Luksuzne vile Split - Villas69\" \/>\n<meta property=\"og:description\" content=\"Luksuzne vile 6 i 9 u blizini Splita, smje\u0161tene na isto\u010dnom dijelu grada odakle puca prekrasan pogled na more, pla\u017eu i okolne otoke\" \/>\n<meta property=\"og:url\" content=\"https:\/\/villas69.com\/\" \/>\n<meta property=\"og:site_name\" content=\"Luksuzne vile u Splitu\" \/>\n<meta property=\"article:modified_time\" content=\"2023-02-22T17:21:46+00:00\" \/>\n<meta property=\"og:image\" content=\"http:\/\/villas69.com\/wp-content\/uploads\/2020\/07\/1_IMG_0121-scaled.jpg\" \/>\n\t<meta property=\"og:image:width\" content=\"2560\" \/>\n\t<meta property=\"og:image:height\" content=\"1707\" \/>\n<meta name=\"twitter:card\" content=\"summary_large_image\" \/>\n<meta name=\"twitter:label1\" content=\"Procijenjeno vrijeme \u010ditanja\" \/>\n\t<meta name=\"twitter:data1\" content=\"1 minuta\" \/>\n<script type=\"application\/ld+json\" class=\"yoast-schema-graph\">{\"@context\":\"https:\/\/schema.org\",\"@graph\":[{\"@type\":\"Organization\",\"@id\":\"https:\/\/villas69.com\/#organization\",\"name\":\"Villas 69\",\"url\":\"https:\/\/villas69.com\/\",\"sameAs\":[],\"logo\":{\"@type\":\"ImageObject\",\"@id\":\"https:\/\/villas69.com\/#logo\",\"inLanguage\":\"hr\",\"url\":\"http:\/\/villas69.com\/wp-content\/uploads\/2020\/10\/cropped-favicon.png\",\"contentUrl\":\"http:\/\/villas69.com\/wp-content\/uploads\/2020\/10\/cropped-favicon.png\",\"width\":512,\"height\":512,\"caption\":\"Villas 69\"},\"image\":{\"@id\":\"https:\/\/villas69.com\/#logo\"}},{\"@type\":\"WebSite\",\"@id\":\"https:\/\/villas69.com\/#website\",\"url\":\"https:\/\/villas69.com\/\",\"name\":\"Luksuzne vile u Splitu\",\"description\":\"Villas 69\",\"publisher\":{\"@id\":\"https:\/\/villas69.com\/#organization\"},\"potentialAction\":[{\"@type\":\"SearchAction\",\"target\":{\"@type\":\"EntryPoint\",\"urlTemplate\":\"https:\/\/villas69.com\/?s={search_term_string}\"},\"query-input\":\"required name=search_term_string\"}],\"inLanguage\":\"hr\"},{\"@type\":\"ImageObject\",\"@id\":\"https:\/\/villas69.com\/#primaryimage\",\"inLanguage\":\"hr\",\"url\":\"https:\/\/villas69.com\/wp-content\/uploads\/2020\/07\/1_IMG_0121-scaled.jpg\",\"contentUrl\":\"https:\/\/villas69.com\/wp-content\/uploads\/2020\/07\/1_IMG_0121-scaled.jpg\",\"width\":2560,\"height\":1707,\"caption\":\"Luksuzne vile u blizini Splita\"},{\"@type\":\"WebPage\",\"@id\":\"https:\/\/villas69.com\/#webpage\",\"url\":\"https:\/\/villas69.com\/\",\"name\":\"Luksuzne vile Split - Villas69\",\"isPartOf\":{\"@id\":\"https:\/\/villas69.com\/#website\"},\"primaryImageOfPage\":{\"@id\":\"https:\/\/villas69.com\/#primaryimage\"},\"datePublished\":\"2020-07-20T09:06:37+00:00\",\"dateModified\":\"2023-02-22T17:21:46+00:00\",\"description\":\"Luksuzne vile 6 i 9 u blizini Splita, smje\\u0161tene na isto\\u010dnom dijelu grada odakle puca prekrasan pogled na more, pla\\u017eu i okolne otoke\",\"breadcrumb\":{\"@id\":\"https:\/\/villas69.com\/#breadcrumb\"},\"inLanguage\":\"hr\",\"potentialAction\":[{\"@type\":\"ReadAction\",\"target\":[\"https:\/\/villas69.com\/\"]}]},{\"@type\":\"BreadcrumbList\",\"@id\":\"https:\/\/villas69.com\/#breadcrumb\",\"itemListElement\":[{\"@type\":\"ListItem\",\"position\":1,\"name\":\"Home\",\"item\":\"https:\/\/villas69.com\/\"},{\"@type\":\"ListItem\",\"position\":2,\"name\":\"Luksuzne vile Split\"}]}]}<\/script>\n<!-- \/ Yoast SEO plugin. -->","yoast_head_json":{"title":"Luksuzne vile Split - Villas69","description":"Luksuzne vile 6 i 9 u blizini Splita, smje\u0161tene na isto\u010dnom dijelu grada odakle puca prekrasan pogled na more, pla\u017eu i okolne otoke","robots":{"index":"index","follow":"follow","max-snippet":"max-snippet:-1","max-image-preview":"max-image-preview:large","max-video-preview":"max-video-preview:-1"},"canonical":"https:\/\/villas69.com\/","og_locale":"hr_HR","og_type":"article","og_title":"Luksuzne vile Split - Villas69","og_description":"Luksuzne vile 6 i 9 u blizini Splita, smje\u0161tene na isto\u010dnom dijelu grada odakle puca prekrasan pogled na more, pla\u017eu i okolne otoke","og_url":"https:\/\/villas69.com\/","og_site_name":"Luksuzne vile u Splitu","article_modified_time":"2023-02-22T17:21:46+00:00","og_image":[{"width":2560,"height":1707,"url":"http:\/\/villas69.com\/wp-content\/uploads\/2020\/07\/1_IMG_0121-scaled.jpg","path":"\/home\/spihr\/villas69.com\/wp-content\/uploads\/2020\/07\/1_IMG_0121-scaled.jpg","size":"full","id":8,"alt":"Luksuzne vile u blizini Splita","pixels":4369920,"type":"image\/jpeg"}],"twitter_card":"summary_large_image","twitter_misc":{"Procijenjeno vrijeme \u010ditanja":"1 minuta"},"schema":{"@context":"https:\/\/schema.org","@graph":[{"@type":"Organization","@id":"https:\/\/villas69.com\/#organization","name":"Villas 69","url":"https:\/\/villas69.com\/","sameAs":[],"logo":{"@type":"ImageObject","@id":"https:\/\/villas69.com\/#logo","inLanguage":"hr","url":"http:\/\/villas69.com\/wp-content\/uploads\/2020\/10\/cropped-favicon.png","contentUrl":"http:\/\/villas69.com\/wp-content\/uploads\/2020\/10\/cropped-favicon.png","width":512,"height":512,"caption":"Villas 69"},"image":{"@id":"https:\/\/villas69.com\/#logo"}},{"@type":"WebSite","@id":"https:\/\/villas69.com\/#website","url":"https:\/\/villas69.com\/","name":"Luksuzne vile u Splitu","description":"Villas 69","publisher":{"@id":"https:\/\/villas69.com\/#organization"},"potentialAction":[{"@type":"SearchAction","target":{"@type":"EntryPoint","urlTemplate":"https:\/\/villas69.com\/?s={search_term_string}"},"query-input":"required name=search_term_string"}],"inLanguage":"hr"},{"@type":"ImageObject","@id":"https:\/\/villas69.com\/#primaryimage","inLanguage":"hr","url":"https:\/\/villas69.com\/wp-content\/uploads\/2020\/07\/1_IMG_0121-scaled.jpg","contentUrl":"https:\/\/villas69.com\/wp-content\/uploads\/2020\/07\/1_IMG_0121-scaled.jpg","width":2560,"height":1707,"caption":"Luksuzne vile u blizini Splita"},{"@type":"WebPage","@id":"https:\/\/villas69.com\/#webpage","url":"https:\/\/villas69.com\/","name":"Luksuzne vile Split - Villas69","isPartOf":{"@id":"https:\/\/villas69.com\/#website"},"primaryImageOfPage":{"@id":"https:\/\/villas69.com\/#primaryimage"},"datePublished":"2020-07-20T09:06:37+00:00","dateModified":"2023-02-22T17:21:46+00:00","description":"Luksuzne vile 6 i 9 u blizini Splita, smje\u0161tene na isto\u010dnom dijelu grada odakle puca prekrasan pogled na more, pla\u017eu i okolne otoke","breadcrumb":{"@id":"https:\/\/villas69.com\/#breadcrumb"},"inLanguage":"hr","potentialAction":[{"@type":"ReadAction","target":["https:\/\/villas69.com\/"]}]},{"@type":"BreadcrumbList","@id":"https:\/\/villas69.com\/#breadcrumb","itemListElement":[{"@type":"ListItem","position":1,"name":"Home","item":"https:\/\/villas69.com\/"},{"@type":"ListItem","position":2,"name":"Luksuzne vile Split"}]}]}},"_links":{"self":[{"href":"https:\/\/villas69.com\/hr\/wp-json\/wp\/v2\/pages\/2"}],"collection":[{"href":"https:\/\/villas69.com\/hr\/wp-json\/wp\/v2\/pages"}],"about":[{"href":"https:\/\/villas69.com\/hr\/wp-json\/wp\/v2\/types\/page"}],"author":[{"embeddable":true,"href":"https:\/\/villas69.com\/hr\/wp-json\/wp\/v2\/users\/1"}],"replies":[{"embeddable":true,"href":"https:\/\/villas69.com\/hr\/wp-json\/wp\/v2\/comments?post=2"}],"version-history":[{"count":24,"href":"https:\/\/villas69.com\/hr\/wp-json\/wp\/v2\/pages\/2\/revisions"}],"predecessor-version":[{"id":388,"href":"https:\/\/villas69.com\/hr\/wp-json\/wp\/v2\/pages\/2\/revisions\/388"}],"wp:featuredmedia":[{"embeddable":true,"href":"https:\/\/villas69.com\/hr\/wp-json\/wp\/v2\/media\/8"}],"wp:attachment":[{"href":"https:\/\/villas69.com\/hr\/wp-json\/wp\/v2\/media?parent=2"}],"curies":[{"name":"wp","href":"https:\/\/api.w.org\/{rel}","templated":true}]}}