{"id":12,"date":"2020-09-04T08:12:38","date_gmt":"2020-09-04T07:12:38","guid":{"rendered":"https:\/\/www.ilstudio.hr\/piel\/?page_id=12"},"modified":"2023-03-13T15:53:11","modified_gmt":"2023-03-13T14:53:11","slug":"villa-6","status":"publish","type":"page","link":"https:\/\/villas69.com\/hr\/villa-6\/","title":{"rendered":"Villa 6"},"content":{"rendered":"<div class=\"row\">\n<div class=\"col-md-6\">Dobrodo\u0161li u luksuznu Villu 6, savr\u0161en spoj tradicije i trendova!Ako sanjate o bijegu u mediteransku oazu s prekrasnim panoramskim pogledom, onda je Villa 6 upravo ono \u0161to tra\u017eite! Ku\u0107a za odmor nalazi se u Podstrani, samo kilometar od mora i nedaleko od atraktivnih turisti\u010dkih destinacija kao \u0161to su Split (9km), Omi\u0161 (17km) i Trogir (30km).<\/p>\n<p>Prizemlje Ville zauzima prostrani dnevni boravak s udobnom velikom sofom i LCD televizorom za u\u017eivanje u omiljenim sadr\u017eajima. Iz prostranog dnevnog boravka izlazi se na prekrasnu kamenu terasu s infinity bazenom s koje se pru\u017ea fantasti\u010dan pogled na dalmatinske otoke. Koncept otvorenog prostora uklju\u010duje potpuno opremljenu kuhinju s najsuvremenijim ure\u0111ajima i veliki otok. Moderna kuhinjska oprema sadr\u017ei \u0161tednjak, ugradbenu pe\u0107nicu i mikrovalnu pe\u0107nicu, ugradbeni hladnjak sa zamrziva\u010dem, napu, ledomat, toster, kuhalo za vodu, aparat za vodu, blender itd. Veliki blagovaonski stol uz unutarnji kamin, nalazi se izme\u0111u kuhinje i dnevnog boravka, idealno mjesto za ve\u010deru uz ugodno dru\u0161tvo.<\/p>\n<\/div>\n<div class=\"col-md-6\">Villa 6 ima pet prostranih spava\u0107ih soba opremljenih bra\u010dnim krevetima i pet moderno ure\u0111enih kupaonica. Istaknute zna\u010dajke Ville 6 uklju\u010duju moderan dizajn, koncept otvorenog prostora, panoramski pogled, infinity bazen, saunu, jacuzzi i krovnu terasu.U lijepo ure\u0111enom vrtu Ville 6 nalazi se infinity bazen, savr\u0161en za dru\u017eenje i osvje\u017eenje tijekom vru\u0107ih ljetnih dana. Za opu\u0161tanje tu je prekrasan vanjski jacuzzi smje\u0161ten na krovu Ville. Sa stambenom povr\u0161inom od 450 m\u00b2, Villa 6 u potpunosti je osigurana najmodernijim protuprovalnim sustavom, a svojim gostima nudi apsolutno sve: luksuz, prekrasan krajolik, zabavu i naravno &#8211; zaslu\u017eeni odmor.<\/p>\n<p>Villa je u potpunosti klimatizirana i ima podno grijanje u svim kupaonicama. Gostima je na raspolaganju praonica s perilicom i su\u0161ilicom rublja, gla\u010dalom i daskom za gla\u010danje te ru\u010dnicima. Privatni vanjski parking nalazi se uz glavni ulaz.<\/p>\n<p>Odaberite Villu 6 i u potpunosti se prepustite Mediteranu.<\/p>\n<\/div>\n<\/div>\n","protected":false},"excerpt":{"rendered":"<p>Dobrodo\u0161li u luksuznu Villu 6, savr\u0161en spoj tradicije i trendova!Ako sanjate o bijegu u mediteransku oazu s prekrasnim panoramskim pogledom, onda je Villa 6 upravo ono \u0161to tra\u017eite! Ku\u0107a za odmor nalazi se u Podstrani, samo kilometar od mora i nedaleko od atraktivnih turisti\u010dkih destinacija kao \u0161to su Split (9km), Omi\u0161 (17km) i Trogir (30km).<\/p>\n","protected":false},"author":1,"featured_media":385,"parent":0,"menu_order":0,"comment_status":"closed","ping_status":"closed","template":"page-templates\/house.php","meta":[],"acf":[],"yoast_head":"<!-- This site is optimized with the Yoast SEO plugin v16.7 - https:\/\/yoast.com\/wordpress\/plugins\/seo\/ -->\n<title>Villa 6 - Luksuzne vile u Splitu<\/title>\n<meta name=\"description\" content=\"Dobrodo\u0161li u luksuznu Villu 6, savr\u0161en spoj tradicije i trendova!Ako sanjate o bijegu u mediteransku oazu s prekrasnim panoramskim pogledom, onda je Villa 6 upravo ono \u0161to tra\u017eite!\" \/>\n<meta name=\"robots\" content=\"index, follow, max-snippet:-1, max-image-preview:large, max-video-preview:-1\" \/>\n<link rel=\"canonical\" href=\"https:\/\/villas69.com\/villa-6\/\" \/>\n<meta property=\"og:locale\" content=\"hr_HR\" \/>\n<meta property=\"og:type\" content=\"article\" \/>\n<meta property=\"og:title\" content=\"Villa 6 - Luksuzne vile u Splitu\" \/>\n<meta property=\"og:description\" content=\"Dobrodo\u0161li u luksuznu Villu 6, savr\u0161en spoj tradicije i trendova!Ako sanjate o bijegu u mediteransku oazu s prekrasnim panoramskim pogledom, onda je Villa 6 upravo ono \u0161to tra\u017eite!\" \/>\n<meta property=\"og:url\" content=\"https:\/\/villas69.com\/villa-6\/\" \/>\n<meta property=\"og:site_name\" content=\"Luksuzne vile u Splitu\" \/>\n<meta property=\"article:modified_time\" content=\"2023-03-13T14:53:11+00:00\" \/>\n<meta property=\"og:image\" content=\"https:\/\/villas69.com\/wp-content\/uploads\/2023\/01\/villa_6-home.jpg\" \/>\n\t<meta property=\"og:image:width\" content=\"1920\" \/>\n\t<meta property=\"og:image:height\" content=\"1438\" \/>\n<meta name=\"twitter:card\" content=\"summary_large_image\" \/>\n<meta name=\"twitter:label1\" content=\"Procijenjeno vrijeme \u010ditanja\" \/>\n\t<meta name=\"twitter:data1\" content=\"2 minute\" \/>\n<script type=\"application\/ld+json\" class=\"yoast-schema-graph\">{\"@context\":\"https:\/\/schema.org\",\"@graph\":[{\"@type\":\"Organization\",\"@id\":\"https:\/\/villas69.com\/#organization\",\"name\":\"Villas 69\",\"url\":\"https:\/\/villas69.com\/\",\"sameAs\":[],\"logo\":{\"@type\":\"ImageObject\",\"@id\":\"https:\/\/villas69.com\/#logo\",\"inLanguage\":\"hr\",\"url\":\"http:\/\/villas69.com\/wp-content\/uploads\/2020\/10\/cropped-favicon.png\",\"contentUrl\":\"http:\/\/villas69.com\/wp-content\/uploads\/2020\/10\/cropped-favicon.png\",\"width\":512,\"height\":512,\"caption\":\"Villas 69\"},\"image\":{\"@id\":\"https:\/\/villas69.com\/#logo\"}},{\"@type\":\"WebSite\",\"@id\":\"https:\/\/villas69.com\/#website\",\"url\":\"https:\/\/villas69.com\/\",\"name\":\"Luksuzne vile u Splitu\",\"description\":\"Villas 69\",\"publisher\":{\"@id\":\"https:\/\/villas69.com\/#organization\"},\"potentialAction\":[{\"@type\":\"SearchAction\",\"target\":{\"@type\":\"EntryPoint\",\"urlTemplate\":\"https:\/\/villas69.com\/?s={search_term_string}\"},\"query-input\":\"required name=search_term_string\"}],\"inLanguage\":\"hr\"},{\"@type\":\"ImageObject\",\"@id\":\"https:\/\/villas69.com\/villa-6\/#primaryimage\",\"inLanguage\":\"hr\",\"url\":\"https:\/\/villas69.com\/wp-content\/uploads\/2023\/01\/villa_6-home.jpg\",\"contentUrl\":\"https:\/\/villas69.com\/wp-content\/uploads\/2023\/01\/villa_6-home.jpg\",\"width\":1920,\"height\":1438,\"caption\":\"Boat\"},{\"@type\":\"WebPage\",\"@id\":\"https:\/\/villas69.com\/villa-6\/#webpage\",\"url\":\"https:\/\/villas69.com\/villa-6\/\",\"name\":\"Villa 6 - Luksuzne vile u Splitu\",\"isPartOf\":{\"@id\":\"https:\/\/villas69.com\/#website\"},\"primaryImageOfPage\":{\"@id\":\"https:\/\/villas69.com\/villa-6\/#primaryimage\"},\"datePublished\":\"2020-09-04T07:12:38+00:00\",\"dateModified\":\"2023-03-13T14:53:11+00:00\",\"description\":\"Dobrodo\\u0161li u luksuznu Villu 6, savr\\u0161en spoj tradicije i trendova!Ako sanjate o bijegu u mediteransku oazu s prekrasnim panoramskim pogledom, onda je Villa 6 upravo ono \\u0161to tra\\u017eite!\",\"breadcrumb\":{\"@id\":\"https:\/\/villas69.com\/villa-6\/#breadcrumb\"},\"inLanguage\":\"hr\",\"potentialAction\":[{\"@type\":\"ReadAction\",\"target\":[\"https:\/\/villas69.com\/villa-6\/\"]}]},{\"@type\":\"BreadcrumbList\",\"@id\":\"https:\/\/villas69.com\/villa-6\/#breadcrumb\",\"itemListElement\":[{\"@type\":\"ListItem\",\"position\":1,\"name\":\"Home\",\"item\":\"https:\/\/villas69.com\/\"},{\"@type\":\"ListItem\",\"position\":2,\"name\":\"Villa 6\"}]}]}<\/script>\n<!-- \/ Yoast SEO plugin. -->","yoast_head_json":{"title":"Villa 6 - Luksuzne vile u Splitu","description":"Dobrodo\u0161li u luksuznu Villu 6, savr\u0161en spoj tradicije i trendova!Ako sanjate o bijegu u mediteransku oazu s prekrasnim panoramskim pogledom, onda je Villa 6 upravo ono \u0161to tra\u017eite!","robots":{"index":"index","follow":"follow","max-snippet":"max-snippet:-1","max-image-preview":"max-image-preview:large","max-video-preview":"max-video-preview:-1"},"canonical":"https:\/\/villas69.com\/villa-6\/","og_locale":"hr_HR","og_type":"article","og_title":"Villa 6 - Luksuzne vile u Splitu","og_description":"Dobrodo\u0161li u luksuznu Villu 6, savr\u0161en spoj tradicije i trendova!Ako sanjate o bijegu u mediteransku oazu s prekrasnim panoramskim pogledom, onda je Villa 6 upravo ono \u0161to tra\u017eite!","og_url":"https:\/\/villas69.com\/villa-6\/","og_site_name":"Luksuzne vile u Splitu","article_modified_time":"2023-03-13T14:53:11+00:00","og_image":[{"width":1920,"height":1438,"url":"https:\/\/villas69.com\/wp-content\/uploads\/2023\/01\/villa_6-home.jpg","path":"\/home\/gdprprob\/villas69.com\/wp-content\/uploads\/2023\/01\/villa_6-home.jpg","size":"full","id":385,"alt":"","pixels":2760960,"type":"image\/jpeg"}],"twitter_card":"summary_large_image","twitter_misc":{"Procijenjeno vrijeme \u010ditanja":"2 minute"},"schema":{"@context":"https:\/\/schema.org","@graph":[{"@type":"Organization","@id":"https:\/\/villas69.com\/#organization","name":"Villas 69","url":"https:\/\/villas69.com\/","sameAs":[],"logo":{"@type":"ImageObject","@id":"https:\/\/villas69.com\/#logo","inLanguage":"hr","url":"http:\/\/villas69.com\/wp-content\/uploads\/2020\/10\/cropped-favicon.png","contentUrl":"http:\/\/villas69.com\/wp-content\/uploads\/2020\/10\/cropped-favicon.png","width":512,"height":512,"caption":"Villas 69"},"image":{"@id":"https:\/\/villas69.com\/#logo"}},{"@type":"WebSite","@id":"https:\/\/villas69.com\/#website","url":"https:\/\/villas69.com\/","name":"Luksuzne vile u Splitu","description":"Villas 69","publisher":{"@id":"https:\/\/villas69.com\/#organization"},"potentialAction":[{"@type":"SearchAction","target":{"@type":"EntryPoint","urlTemplate":"https:\/\/villas69.com\/?s={search_term_string}"},"query-input":"required name=search_term_string"}],"inLanguage":"hr"},{"@type":"ImageObject","@id":"https:\/\/villas69.com\/villa-6\/#primaryimage","inLanguage":"hr","url":"https:\/\/villas69.com\/wp-content\/uploads\/2023\/01\/villa_6-home.jpg","contentUrl":"https:\/\/villas69.com\/wp-content\/uploads\/2023\/01\/villa_6-home.jpg","width":1920,"height":1438,"caption":"Boat"},{"@type":"WebPage","@id":"https:\/\/villas69.com\/villa-6\/#webpage","url":"https:\/\/villas69.com\/villa-6\/","name":"Villa 6 - Luksuzne vile u Splitu","isPartOf":{"@id":"https:\/\/villas69.com\/#website"},"primaryImageOfPage":{"@id":"https:\/\/villas69.com\/villa-6\/#primaryimage"},"datePublished":"2020-09-04T07:12:38+00:00","dateModified":"2023-03-13T14:53:11+00:00","description":"Dobrodo\u0161li u luksuznu Villu 6, savr\u0161en spoj tradicije i trendova!Ako sanjate o bijegu u mediteransku oazu s prekrasnim panoramskim pogledom, onda je Villa 6 upravo ono \u0161to tra\u017eite!","breadcrumb":{"@id":"https:\/\/villas69.com\/villa-6\/#breadcrumb"},"inLanguage":"hr","potentialAction":[{"@type":"ReadAction","target":["https:\/\/villas69.com\/villa-6\/"]}]},{"@type":"BreadcrumbList","@id":"https:\/\/villas69.com\/villa-6\/#breadcrumb","itemListElement":[{"@type":"ListItem","position":1,"name":"Home","item":"https:\/\/villas69.com\/"},{"@type":"ListItem","position":2,"name":"Villa 6"}]}]}},"_links":{"self":[{"href":"https:\/\/villas69.com\/hr\/wp-json\/wp\/v2\/pages\/12"}],"collection":[{"href":"https:\/\/villas69.com\/hr\/wp-json\/wp\/v2\/pages"}],"about":[{"href":"https:\/\/villas69.com\/hr\/wp-json\/wp\/v2\/types\/page"}],"author":[{"embeddable":true,"href":"https:\/\/villas69.com\/hr\/wp-json\/wp\/v2\/users\/1"}],"replies":[{"embeddable":true,"href":"https:\/\/villas69.com\/hr\/wp-json\/wp\/v2\/comments?post=12"}],"version-history":[{"count":20,"href":"https:\/\/villas69.com\/hr\/wp-json\/wp\/v2\/pages\/12\/revisions"}],"predecessor-version":[{"id":709,"href":"https:\/\/villas69.com\/hr\/wp-json\/wp\/v2\/pages\/12\/revisions\/709"}],"wp:featuredmedia":[{"embeddable":true,"href":"https:\/\/villas69.com\/hr\/wp-json\/wp\/v2\/media\/385"}],"wp:attachment":[{"href":"https:\/\/villas69.com\/hr\/wp-json\/wp\/v2\/media?parent=12"}],"curies":[{"name":"wp","href":"https:\/\/api.w.org\/{rel}","templated":true}]}}