{"id":660,"date":"2023-01-18T14:01:16","date_gmt":"2023-01-18T13:01:16","guid":{"rendered":"http:\/\/ilstudio.hr\/villa69\/faq\/"},"modified":"2023-02-23T07:41:42","modified_gmt":"2023-02-23T06:41:42","slug":"faq","status":"publish","type":"page","link":"https:\/\/villas69.com\/de\/faq\/","title":{"rendered":"FAQ"},"content":{"rendered":"<ul>\n<li>Wie sind die Check-in und Check-out Zeiten?\n<ul>\n<li>Der Check-in erfolgt ab 16:00 Uhr, der Check-out bis 10:00 Uhr.<\/li>\n<\/ul>\n<\/li>\n<li>Ist das Rauchen in der Villa erlaubt?\n<ul>\n<li>Rauchen ist in der Villa verboten, aber auf den Balkonen und in den Au\u00dfenbereichen ist es erlaubt.<\/li>\n<\/ul>\n<\/li>\n<li>HAUSREGELN:\n<ul>\n<li>Rauchen im Haus ist verboten.<\/li>\n<li>Keine Partys oder Veranstaltungen.<\/li>\n<li>Keine unangemeldeten G\u00e4ste.<\/li>\n<li>Respektieren Sie die L\u00e4rmschutzverordnung (23 Uhr &#8211; 7 Uhr)<\/li>\n<li>Respektieren Sie die Check-in- und Check-out-Zeit<\/li>\n<li>F\u00fcr verlorene Schl\u00fcssel wird eine Ersatzgeb\u00fchr erhoben.<\/li>\n<li>Bitte achten Sie auf die Einrichtung, Sch\u00e4den, die die Kaution \u00fcbersteigen, m\u00fcssen bezahlt werden.<\/li>\n<\/ul>\n<\/li>\n<li>Sind Handt\u00fccher und Bettw\u00e4sche vorhanden?\n<ul>\n<li>Ja, Handt\u00fccher und Bettw\u00e4sche sind vorhanden.<\/li>\n<\/ul>\n<\/li>\n<li>Sind Haustiere erlaubt?\n<ul>\n<li>Haustiere sind auf Anfrage und gegen eine Geb\u00fchr von 15 \u20ac pro Tag erlaubt.<\/li>\n<\/ul>\n<\/li>\n<li>Wie weit ist der n\u00e4chstgelegene Strand entfernt?\n<ul>\n<li>Der n\u00e4chstgelegene Strand ist 1 km von der Villa entfernt, andere Entfernungen sind unten angegeben:\n<ul>\n<li>N\u00e4chstgelegener Supermarkt: 0,5 km<\/li>\n<li>Entfernung zum Meer: 1 km<\/li>\n<li>N\u00e4chstgelegener Strand: 1 km<\/li>\n<li>N\u00e4chstgelegenes Restaurant: 1 km<\/li>\n<li>N\u00e4chstgelegenes Cafe: 1 km<\/li>\n<li>N\u00e4chstgelegener Jachthafen: 2 km<\/li>\n<li>N\u00e4chstgelegener Golfplatz: 2 km<\/li>\n<li>N\u00e4chstgelegener Tennisplatz: 3 km<\/li>\n<li>N\u00e4chstgelegenes Krankenhaus: 7 km<\/li>\n<li>N\u00e4chstgelegener Flughafen: 25 km<\/li>\n<\/ul>\n<\/li>\n<\/ul>\n<\/li>\n<\/ul>\n<p>F\u00fcr weitere Fragen, stehen wir Ihnen gerne zur Verf\u00fcgung!<\/p>\n<p>&nbsp;<\/p>\n","protected":false},"excerpt":{"rendered":"<p>Wie sind die Check-in und Check-out Zeiten? Der Check-in erfolgt ab 16:00 Uhr, der Check-out bis 10:00 Uhr. Ist das Rauchen in der Villa erlaubt? Rauchen ist in der Villa verboten, aber auf den Balkonen und in den Au\u00dfenbereichen ist es erlaubt. HAUSREGELN: Rauchen im Haus ist verboten. Keine Partys oder Veranstaltungen. Keine unangemeldeten G\u00e4ste.<\/p>\n","protected":false},"author":1,"featured_media":636,"parent":0,"menu_order":0,"comment_status":"closed","ping_status":"closed","template":"page-templates\/fullwidthpage.php","meta":[],"acf":[],"yoast_head":"<!-- This site is optimized with the Yoast SEO plugin v16.7 - https:\/\/yoast.com\/wordpress\/plugins\/seo\/ -->\n<title>FAQ - Luksuzne vile u Splitu<\/title>\n<meta name=\"robots\" content=\"index, follow, max-snippet:-1, max-image-preview:large, max-video-preview:-1\" \/>\n<link rel=\"canonical\" href=\"https:\/\/villas69.com\/de\/faq\/\" \/>\n<meta property=\"og:locale\" content=\"de_DE\" \/>\n<meta property=\"og:type\" content=\"article\" \/>\n<meta property=\"og:title\" content=\"FAQ - Luksuzne vile u Splitu\" \/>\n<meta property=\"og:description\" content=\"Wie sind die Check-in und Check-out Zeiten? Der Check-in erfolgt ab 16:00 Uhr, der Check-out bis 10:00 Uhr. Ist das Rauchen in der Villa erlaubt? Rauchen ist in der Villa verboten, aber auf den Balkonen und in den Au\u00dfenbereichen ist es erlaubt. HAUSREGELN: Rauchen im Haus ist verboten. Keine Partys oder Veranstaltungen. Keine unangemeldeten G\u00e4ste.\" \/>\n<meta property=\"og:url\" content=\"https:\/\/villas69.com\/de\/faq\/\" \/>\n<meta property=\"og:site_name\" content=\"Luksuzne vile u Splitu\" \/>\n<meta property=\"article:modified_time\" content=\"2023-02-23T06:41:42+00:00\" \/>\n<meta property=\"og:image\" content=\"http:\/\/villas69.com\/wp-content\/uploads\/2023\/01\/villa_6-26.jpg\" \/>\n\t<meta property=\"og:image:width\" content=\"1000\" \/>\n\t<meta property=\"og:image:height\" content=\"749\" \/>\n<meta name=\"twitter:card\" content=\"summary_large_image\" \/>\n<meta name=\"twitter:label1\" content=\"Gesch\u00e4tzte Lesezeit\" \/>\n\t<meta name=\"twitter:data1\" content=\"1\u00a0Minute\" \/>\n<script type=\"application\/ld+json\" class=\"yoast-schema-graph\">{\"@context\":\"https:\/\/schema.org\",\"@graph\":[{\"@type\":\"Organization\",\"@id\":\"https:\/\/villas69.com\/#organization\",\"name\":\"Villas 69\",\"url\":\"https:\/\/villas69.com\/\",\"sameAs\":[],\"logo\":{\"@type\":\"ImageObject\",\"@id\":\"https:\/\/villas69.com\/#logo\",\"inLanguage\":\"de\",\"url\":\"http:\/\/villas69.com\/wp-content\/uploads\/2020\/10\/cropped-favicon.png\",\"contentUrl\":\"http:\/\/villas69.com\/wp-content\/uploads\/2020\/10\/cropped-favicon.png\",\"width\":512,\"height\":512,\"caption\":\"Villas 69\"},\"image\":{\"@id\":\"https:\/\/villas69.com\/#logo\"}},{\"@type\":\"WebSite\",\"@id\":\"https:\/\/villas69.com\/#website\",\"url\":\"https:\/\/villas69.com\/\",\"name\":\"Luksuzne vile u Splitu\",\"description\":\"Villas 69\",\"publisher\":{\"@id\":\"https:\/\/villas69.com\/#organization\"},\"potentialAction\":[{\"@type\":\"SearchAction\",\"target\":{\"@type\":\"EntryPoint\",\"urlTemplate\":\"https:\/\/villas69.com\/?s={search_term_string}\"},\"query-input\":\"required name=search_term_string\"}],\"inLanguage\":\"de\"},{\"@type\":\"ImageObject\",\"@id\":\"https:\/\/villas69.com\/de\/faq\/#primaryimage\",\"inLanguage\":\"de\",\"url\":\"https:\/\/villas69.com\/wp-content\/uploads\/2023\/01\/villa_6-26.jpg\",\"contentUrl\":\"https:\/\/villas69.com\/wp-content\/uploads\/2023\/01\/villa_6-26.jpg\",\"width\":1000,\"height\":749},{\"@type\":\"WebPage\",\"@id\":\"https:\/\/villas69.com\/de\/faq\/#webpage\",\"url\":\"https:\/\/villas69.com\/de\/faq\/\",\"name\":\"FAQ - Luksuzne vile u Splitu\",\"isPartOf\":{\"@id\":\"https:\/\/villas69.com\/#website\"},\"primaryImageOfPage\":{\"@id\":\"https:\/\/villas69.com\/de\/faq\/#primaryimage\"},\"datePublished\":\"2023-01-18T13:01:16+00:00\",\"dateModified\":\"2023-02-23T06:41:42+00:00\",\"breadcrumb\":{\"@id\":\"https:\/\/villas69.com\/de\/faq\/#breadcrumb\"},\"inLanguage\":\"de\",\"potentialAction\":[{\"@type\":\"ReadAction\",\"target\":[\"https:\/\/villas69.com\/de\/faq\/\"]}]},{\"@type\":\"BreadcrumbList\",\"@id\":\"https:\/\/villas69.com\/de\/faq\/#breadcrumb\",\"itemListElement\":[{\"@type\":\"ListItem\",\"position\":1,\"name\":\"Home\",\"item\":\"https:\/\/villas69.com\/de\/\"},{\"@type\":\"ListItem\",\"position\":2,\"name\":\"FAQ\"}]}]}<\/script>\n<!-- \/ Yoast SEO plugin. -->","yoast_head_json":{"title":"FAQ - Luksuzne vile u Splitu","robots":{"index":"index","follow":"follow","max-snippet":"max-snippet:-1","max-image-preview":"max-image-preview:large","max-video-preview":"max-video-preview:-1"},"canonical":"https:\/\/villas69.com\/de\/faq\/","og_locale":"de_DE","og_type":"article","og_title":"FAQ - Luksuzne vile u Splitu","og_description":"Wie sind die Check-in und Check-out Zeiten? Der Check-in erfolgt ab 16:00 Uhr, der Check-out bis 10:00 Uhr. Ist das Rauchen in der Villa erlaubt? Rauchen ist in der Villa verboten, aber auf den Balkonen und in den Au\u00dfenbereichen ist es erlaubt. HAUSREGELN: Rauchen im Haus ist verboten. Keine Partys oder Veranstaltungen. Keine unangemeldeten G\u00e4ste.","og_url":"https:\/\/villas69.com\/de\/faq\/","og_site_name":"Luksuzne vile u Splitu","article_modified_time":"2023-02-23T06:41:42+00:00","og_image":[{"width":1000,"height":749,"url":"http:\/\/villas69.com\/wp-content\/uploads\/2023\/01\/villa_6-26.jpg","path":"\/home\/spihr\/villas69.com\/wp-content\/uploads\/2023\/01\/villa_6-26.jpg","size":"full","id":636,"alt":"","pixels":749000,"type":"image\/jpeg"}],"twitter_card":"summary_large_image","twitter_misc":{"Gesch\u00e4tzte Lesezeit":"1\u00a0Minute"},"schema":{"@context":"https:\/\/schema.org","@graph":[{"@type":"Organization","@id":"https:\/\/villas69.com\/#organization","name":"Villas 69","url":"https:\/\/villas69.com\/","sameAs":[],"logo":{"@type":"ImageObject","@id":"https:\/\/villas69.com\/#logo","inLanguage":"de","url":"http:\/\/villas69.com\/wp-content\/uploads\/2020\/10\/cropped-favicon.png","contentUrl":"http:\/\/villas69.com\/wp-content\/uploads\/2020\/10\/cropped-favicon.png","width":512,"height":512,"caption":"Villas 69"},"image":{"@id":"https:\/\/villas69.com\/#logo"}},{"@type":"WebSite","@id":"https:\/\/villas69.com\/#website","url":"https:\/\/villas69.com\/","name":"Luksuzne vile u Splitu","description":"Villas 69","publisher":{"@id":"https:\/\/villas69.com\/#organization"},"potentialAction":[{"@type":"SearchAction","target":{"@type":"EntryPoint","urlTemplate":"https:\/\/villas69.com\/?s={search_term_string}"},"query-input":"required name=search_term_string"}],"inLanguage":"de"},{"@type":"ImageObject","@id":"https:\/\/villas69.com\/de\/faq\/#primaryimage","inLanguage":"de","url":"https:\/\/villas69.com\/wp-content\/uploads\/2023\/01\/villa_6-26.jpg","contentUrl":"https:\/\/villas69.com\/wp-content\/uploads\/2023\/01\/villa_6-26.jpg","width":1000,"height":749},{"@type":"WebPage","@id":"https:\/\/villas69.com\/de\/faq\/#webpage","url":"https:\/\/villas69.com\/de\/faq\/","name":"FAQ - Luksuzne vile u Splitu","isPartOf":{"@id":"https:\/\/villas69.com\/#website"},"primaryImageOfPage":{"@id":"https:\/\/villas69.com\/de\/faq\/#primaryimage"},"datePublished":"2023-01-18T13:01:16+00:00","dateModified":"2023-02-23T06:41:42+00:00","breadcrumb":{"@id":"https:\/\/villas69.com\/de\/faq\/#breadcrumb"},"inLanguage":"de","potentialAction":[{"@type":"ReadAction","target":["https:\/\/villas69.com\/de\/faq\/"]}]},{"@type":"BreadcrumbList","@id":"https:\/\/villas69.com\/de\/faq\/#breadcrumb","itemListElement":[{"@type":"ListItem","position":1,"name":"Home","item":"https:\/\/villas69.com\/de\/"},{"@type":"ListItem","position":2,"name":"FAQ"}]}]}},"_links":{"self":[{"href":"https:\/\/villas69.com\/de\/wp-json\/wp\/v2\/pages\/660"}],"collection":[{"href":"https:\/\/villas69.com\/de\/wp-json\/wp\/v2\/pages"}],"about":[{"href":"https:\/\/villas69.com\/de\/wp-json\/wp\/v2\/types\/page"}],"author":[{"embeddable":true,"href":"https:\/\/villas69.com\/de\/wp-json\/wp\/v2\/users\/1"}],"replies":[{"embeddable":true,"href":"https:\/\/villas69.com\/de\/wp-json\/wp\/v2\/comments?post=660"}],"version-history":[{"count":1,"href":"https:\/\/villas69.com\/de\/wp-json\/wp\/v2\/pages\/660\/revisions"}],"predecessor-version":[{"id":662,"href":"https:\/\/villas69.com\/de\/wp-json\/wp\/v2\/pages\/660\/revisions\/662"}],"wp:featuredmedia":[{"embeddable":true,"href":"https:\/\/villas69.com\/de\/wp-json\/wp\/v2\/media\/636"}],"wp:attachment":[{"href":"https:\/\/villas69.com\/de\/wp-json\/wp\/v2\/media?parent=660"}],"curies":[{"name":"wp","href":"https:\/\/api.w.org\/{rel}","templated":true}]}}