{"id":654,"date":"2020-09-04T08:32:13","date_gmt":"2020-09-04T07:32:13","guid":{"rendered":"http:\/\/ilstudio.hr\/villa69\/villa-9\/"},"modified":"2023-03-07T12:38:30","modified_gmt":"2023-03-07T11:38:30","slug":"villa-9","status":"publish","type":"page","link":"https:\/\/villas69.com\/de\/villa-9\/","title":{"rendered":"Villa 9"},"content":{"rendered":"<div class=\"row\">\n<div class=\"col-md-6\">Unsere Reise begann in der modernen und eleganten Villa 9, die sich perfekt eignet, um der Hektik des Alltags zu entfliehen. Auf 450 m2 bietet die Villa bequem Platz f\u00fcr bis zu zehn Personen f\u00fcr einen unvergesslichen Urlaub. F\u00fcnf luxuri\u00f6se Schlafzimmer mit Doppelbetten und eigenen B\u00e4dern sorgen f\u00fcr die wohlverdiente Erholung. Die beiden voll ausgestatteten K\u00fcchen haben alles, was Sie brauchen, um den Koch in Ihnen zu wecken.<br \/>\nUnser Penthouse kann komplett vom Rest des Hauses abgetrennt werden, da es so konzipiert ist, dass es v\u00f6llig unabh\u00e4ngig funktionieren kann: Es verf\u00fcgt \u00fcber eine K\u00fcche, ein Wohnzimmer und ein Schlafzimmer mit einem Doppelbett, einem Badezimmer und einer gro\u00dfen Terrasse mit Whirlpool. Au\u00dferdem hat es die beste Aussicht des Hauses, einen atemberaubenden Blick auf die kristallklare Adria.<\/div>\n<div class=\"col-md-6\">\n<p>Der Au\u00dfenbereich ist so gestaltet, dass er eins mit der Natur ist, es ist ein Raum f\u00fcr Geselligkeit und Unterhaltung, wo die G\u00e4ste den privaten Pool und Grill genie\u00dfen k\u00f6nnen. Nach einem Tag in der Sonne k\u00f6nnen Sie sich in unserem privaten Wellnessbereich entspannen, der aus einer schwedischen Sauna, einer Dusche und einer Toilette besteht. Ein modernes Einbruchsschutzsystem und die abgeschiedene Lage garantieren den G\u00e4sten ein Maximum an Privatsph\u00e4re.<br \/>\nAlle Etagen, von der Garage bis zum Penthouse, sind mit dem Aufzug erreichbar. Die Villa ist voll klimatisiert und hat beheizte Fu\u00dfb\u00f6den in allen B\u00e4dern. Die G\u00e4ste haben Zugang zu einer Waschk\u00fcche mit Waschmaschine und Trockner, B\u00fcgeleisen und B\u00fcgelbrett sowie Handt\u00fcchern. Die private Garage befindet sich im Untergeschoss und bietet Platz f\u00fcr bis zu vier Fahrzeuge.<\/p>\n<\/div>\n<\/div>\n","protected":false},"excerpt":{"rendered":"<p>Unsere Reise begann in der modernen und eleganten Villa 9, die sich perfekt eignet, um der Hektik des Alltags zu entfliehen. Auf 450 m2 bietet die Villa bequem Platz f\u00fcr bis zu zehn Personen f\u00fcr einen unvergesslichen Urlaub. F\u00fcnf luxuri\u00f6se Schlafzimmer mit Doppelbetten und eigenen B\u00e4dern sorgen f\u00fcr die wohlverdiente Erholung. Die beiden voll ausgestatteten<\/p>\n","protected":false},"author":1,"featured_media":496,"parent":0,"menu_order":0,"comment_status":"closed","ping_status":"closed","template":"page-templates\/house.php","meta":[],"acf":[],"yoast_head":"<!-- This site is optimized with the Yoast SEO plugin v16.7 - https:\/\/yoast.com\/wordpress\/plugins\/seo\/ -->\n<title>Villa 9 - Luksuzne vile u Splitu<\/title>\n<meta name=\"description\" content=\"Unsere Reise begann in der modernen und eleganten Villa 9, die sich perfekt eignet, um der Hektik des Alltags zu entfliehen. Auf 450 m2 bietet die Villa bequem Platz f\u00fcr bis zu zehn Personen f\u00fcr einen unvergesslichen Urlaub\" \/>\n<meta name=\"robots\" content=\"index, follow, max-snippet:-1, max-image-preview:large, max-video-preview:-1\" \/>\n<link rel=\"canonical\" href=\"https:\/\/villas69.com\/de\/villa-9\/\" \/>\n<meta property=\"og:locale\" content=\"de_DE\" \/>\n<meta property=\"og:type\" content=\"article\" \/>\n<meta property=\"og:title\" content=\"Villa 9 - Luksuzne vile u Splitu\" \/>\n<meta property=\"og:description\" content=\"Unsere Reise begann in der modernen und eleganten Villa 9, die sich perfekt eignet, um der Hektik des Alltags zu entfliehen. Auf 450 m2 bietet die Villa bequem Platz f\u00fcr bis zu zehn Personen f\u00fcr einen unvergesslichen Urlaub\" \/>\n<meta property=\"og:url\" content=\"https:\/\/villas69.com\/de\/villa-9\/\" \/>\n<meta property=\"og:site_name\" content=\"Luksuzne vile u Splitu\" \/>\n<meta property=\"article:modified_time\" content=\"2023-03-07T11:38:30+00:00\" \/>\n<meta property=\"og:image\" content=\"http:\/\/villas69.com\/wp-content\/uploads\/2020\/11\/villa-strozanac-villa-9.jpg\" \/>\n\t<meta property=\"og:image:width\" content=\"1920\" \/>\n\t<meta property=\"og:image:height\" content=\"1279\" \/>\n<meta name=\"twitter:card\" content=\"summary_large_image\" \/>\n<meta name=\"twitter:label1\" content=\"Gesch\u00e4tzte Lesezeit\" \/>\n\t<meta name=\"twitter:data1\" content=\"1\u00a0Minute\" \/>\n<script type=\"application\/ld+json\" class=\"yoast-schema-graph\">{\"@context\":\"https:\/\/schema.org\",\"@graph\":[{\"@type\":\"Organization\",\"@id\":\"https:\/\/villas69.com\/#organization\",\"name\":\"Villas 69\",\"url\":\"https:\/\/villas69.com\/\",\"sameAs\":[],\"logo\":{\"@type\":\"ImageObject\",\"@id\":\"https:\/\/villas69.com\/#logo\",\"inLanguage\":\"de\",\"url\":\"http:\/\/villas69.com\/wp-content\/uploads\/2020\/10\/cropped-favicon.png\",\"contentUrl\":\"http:\/\/villas69.com\/wp-content\/uploads\/2020\/10\/cropped-favicon.png\",\"width\":512,\"height\":512,\"caption\":\"Villas 69\"},\"image\":{\"@id\":\"https:\/\/villas69.com\/#logo\"}},{\"@type\":\"WebSite\",\"@id\":\"https:\/\/villas69.com\/#website\",\"url\":\"https:\/\/villas69.com\/\",\"name\":\"Luksuzne vile u Splitu\",\"description\":\"Villas 69\",\"publisher\":{\"@id\":\"https:\/\/villas69.com\/#organization\"},\"potentialAction\":[{\"@type\":\"SearchAction\",\"target\":{\"@type\":\"EntryPoint\",\"urlTemplate\":\"https:\/\/villas69.com\/?s={search_term_string}\"},\"query-input\":\"required name=search_term_string\"}],\"inLanguage\":\"de\"},{\"@type\":\"ImageObject\",\"@id\":\"https:\/\/villas69.com\/de\/villa-9\/#primaryimage\",\"inLanguage\":\"de\",\"url\":\"https:\/\/villas69.com\/wp-content\/uploads\/2020\/11\/villa-strozanac-villa-9.jpg\",\"contentUrl\":\"https:\/\/villas69.com\/wp-content\/uploads\/2020\/11\/villa-strozanac-villa-9.jpg\",\"width\":1920,\"height\":1279},{\"@type\":\"WebPage\",\"@id\":\"https:\/\/villas69.com\/de\/villa-9\/#webpage\",\"url\":\"https:\/\/villas69.com\/de\/villa-9\/\",\"name\":\"Villa 9 - Luksuzne vile u Splitu\",\"isPartOf\":{\"@id\":\"https:\/\/villas69.com\/#website\"},\"primaryImageOfPage\":{\"@id\":\"https:\/\/villas69.com\/de\/villa-9\/#primaryimage\"},\"datePublished\":\"2020-09-04T07:32:13+00:00\",\"dateModified\":\"2023-03-07T11:38:30+00:00\",\"description\":\"Unsere Reise begann in der modernen und eleganten Villa 9, die sich perfekt eignet, um der Hektik des Alltags zu entfliehen. Auf 450 m2 bietet die Villa bequem Platz f\\u00fcr bis zu zehn Personen f\\u00fcr einen unvergesslichen Urlaub\",\"breadcrumb\":{\"@id\":\"https:\/\/villas69.com\/de\/villa-9\/#breadcrumb\"},\"inLanguage\":\"de\",\"potentialAction\":[{\"@type\":\"ReadAction\",\"target\":[\"https:\/\/villas69.com\/de\/villa-9\/\"]}]},{\"@type\":\"BreadcrumbList\",\"@id\":\"https:\/\/villas69.com\/de\/villa-9\/#breadcrumb\",\"itemListElement\":[{\"@type\":\"ListItem\",\"position\":1,\"name\":\"Home\",\"item\":\"https:\/\/villas69.com\/de\/\"},{\"@type\":\"ListItem\",\"position\":2,\"name\":\"Villa 9\"}]}]}<\/script>\n<!-- \/ Yoast SEO plugin. -->","yoast_head_json":{"title":"Villa 9 - Luksuzne vile u Splitu","description":"Unsere Reise begann in der modernen und eleganten Villa 9, die sich perfekt eignet, um der Hektik des Alltags zu entfliehen. Auf 450 m2 bietet die Villa bequem Platz f\u00fcr bis zu zehn Personen f\u00fcr einen unvergesslichen Urlaub","robots":{"index":"index","follow":"follow","max-snippet":"max-snippet:-1","max-image-preview":"max-image-preview:large","max-video-preview":"max-video-preview:-1"},"canonical":"https:\/\/villas69.com\/de\/villa-9\/","og_locale":"de_DE","og_type":"article","og_title":"Villa 9 - Luksuzne vile u Splitu","og_description":"Unsere Reise begann in der modernen und eleganten Villa 9, die sich perfekt eignet, um der Hektik des Alltags zu entfliehen. Auf 450 m2 bietet die Villa bequem Platz f\u00fcr bis zu zehn Personen f\u00fcr einen unvergesslichen Urlaub","og_url":"https:\/\/villas69.com\/de\/villa-9\/","og_site_name":"Luksuzne vile u Splitu","article_modified_time":"2023-03-07T11:38:30+00:00","og_image":[{"width":1920,"height":1279,"url":"http:\/\/villas69.com\/wp-content\/uploads\/2020\/11\/villa-strozanac-villa-9.jpg","path":"\/home\/spihr\/villas69.com\/wp-content\/uploads\/2020\/11\/villa-strozanac-villa-9.jpg","size":"full","id":496,"alt":"","pixels":2455680,"type":"image\/jpeg"}],"twitter_card":"summary_large_image","twitter_misc":{"Gesch\u00e4tzte Lesezeit":"1\u00a0Minute"},"schema":{"@context":"https:\/\/schema.org","@graph":[{"@type":"Organization","@id":"https:\/\/villas69.com\/#organization","name":"Villas 69","url":"https:\/\/villas69.com\/","sameAs":[],"logo":{"@type":"ImageObject","@id":"https:\/\/villas69.com\/#logo","inLanguage":"de","url":"http:\/\/villas69.com\/wp-content\/uploads\/2020\/10\/cropped-favicon.png","contentUrl":"http:\/\/villas69.com\/wp-content\/uploads\/2020\/10\/cropped-favicon.png","width":512,"height":512,"caption":"Villas 69"},"image":{"@id":"https:\/\/villas69.com\/#logo"}},{"@type":"WebSite","@id":"https:\/\/villas69.com\/#website","url":"https:\/\/villas69.com\/","name":"Luksuzne vile u Splitu","description":"Villas 69","publisher":{"@id":"https:\/\/villas69.com\/#organization"},"potentialAction":[{"@type":"SearchAction","target":{"@type":"EntryPoint","urlTemplate":"https:\/\/villas69.com\/?s={search_term_string}"},"query-input":"required name=search_term_string"}],"inLanguage":"de"},{"@type":"ImageObject","@id":"https:\/\/villas69.com\/de\/villa-9\/#primaryimage","inLanguage":"de","url":"https:\/\/villas69.com\/wp-content\/uploads\/2020\/11\/villa-strozanac-villa-9.jpg","contentUrl":"https:\/\/villas69.com\/wp-content\/uploads\/2020\/11\/villa-strozanac-villa-9.jpg","width":1920,"height":1279},{"@type":"WebPage","@id":"https:\/\/villas69.com\/de\/villa-9\/#webpage","url":"https:\/\/villas69.com\/de\/villa-9\/","name":"Villa 9 - Luksuzne vile u Splitu","isPartOf":{"@id":"https:\/\/villas69.com\/#website"},"primaryImageOfPage":{"@id":"https:\/\/villas69.com\/de\/villa-9\/#primaryimage"},"datePublished":"2020-09-04T07:32:13+00:00","dateModified":"2023-03-07T11:38:30+00:00","description":"Unsere Reise begann in der modernen und eleganten Villa 9, die sich perfekt eignet, um der Hektik des Alltags zu entfliehen. Auf 450 m2 bietet die Villa bequem Platz f\u00fcr bis zu zehn Personen f\u00fcr einen unvergesslichen Urlaub","breadcrumb":{"@id":"https:\/\/villas69.com\/de\/villa-9\/#breadcrumb"},"inLanguage":"de","potentialAction":[{"@type":"ReadAction","target":["https:\/\/villas69.com\/de\/villa-9\/"]}]},{"@type":"BreadcrumbList","@id":"https:\/\/villas69.com\/de\/villa-9\/#breadcrumb","itemListElement":[{"@type":"ListItem","position":1,"name":"Home","item":"https:\/\/villas69.com\/de\/"},{"@type":"ListItem","position":2,"name":"Villa 9"}]}]}},"_links":{"self":[{"href":"https:\/\/villas69.com\/de\/wp-json\/wp\/v2\/pages\/654"}],"collection":[{"href":"https:\/\/villas69.com\/de\/wp-json\/wp\/v2\/pages"}],"about":[{"href":"https:\/\/villas69.com\/de\/wp-json\/wp\/v2\/types\/page"}],"author":[{"embeddable":true,"href":"https:\/\/villas69.com\/de\/wp-json\/wp\/v2\/users\/1"}],"replies":[{"embeddable":true,"href":"https:\/\/villas69.com\/de\/wp-json\/wp\/v2\/comments?post=654"}],"version-history":[{"count":4,"href":"https:\/\/villas69.com\/de\/wp-json\/wp\/v2\/pages\/654\/revisions"}],"predecessor-version":[{"id":731,"href":"https:\/\/villas69.com\/de\/wp-json\/wp\/v2\/pages\/654\/revisions\/731"}],"wp:featuredmedia":[{"embeddable":true,"href":"https:\/\/villas69.com\/de\/wp-json\/wp\/v2\/media\/496"}],"wp:attachment":[{"href":"https:\/\/villas69.com\/de\/wp-json\/wp\/v2\/media?parent=654"}],"curies":[{"name":"wp","href":"https:\/\/api.w.org\/{rel}","templated":true}]}}