{"id":650,"date":"2020-09-04T08:12:38","date_gmt":"2020-09-04T07:12:38","guid":{"rendered":"http:\/\/ilstudio.hr\/villa69\/villa-6\/"},"modified":"2023-03-07T08:49:35","modified_gmt":"2023-03-07T07:49:35","slug":"villa-6","status":"publish","type":"page","link":"https:\/\/villas69.com\/de\/villa-6\/","title":{"rendered":"Villa 6"},"content":{"rendered":"<div class=\"row\">\n<div class=\"col-md-6\">\n<p>Willkommen in der luxuri\u00f6sen Villa 6, der perfekten Mischung aus Tradition und Trend! Wenn Sie von einer Flucht in eine mediterrane Oase mit erstaunlichem Panoramablick tr\u00e4umen, dann ist Villa 6 genau das, wonach Sie suchen! Das Ferienhaus befindet sich in Podstrana, nur einen Kilometer vom Meer entfernt und nicht weit von attraktiven touristischen Orten wie Split (9 km), Omi\u0161 (17 km) und Trogir (30 km).<\/p>\n<p>Im Erdgeschoss der Villa befindet sich ein ger\u00e4umiges Wohnzimmer mit einem bequemen gro\u00dfen Sofa und einem LCD-Fernseher, auf dem Sie Ihre Lieblingssendungen genie\u00dfen k\u00f6nnen. Das ger\u00e4umige Wohnzimmer hat Zugang auf eine sch\u00f6ne Steinterrasse mit einem Infinity-Pool, der einen fantastischen Blick auf die dalmatinischen Inseln bietet. Das offene Raumkonzept umfasst eine voll ausgestattete K\u00fcche mit modernsten Ger\u00e4ten und einer gro\u00dfen K\u00fccheninsel. Die moderne K\u00fcchenausstattung umfasst einen Herd, einen eingebauten Backofen und eine Mikrowelle, einen eingebauten K\u00fchlschrank mit Gefrierfach, eine Dunstabzugshaube, eine Eismaschine, einen Toaster, einen Wasserkocher, eine Wassermaschine, einen Mixer, usw. Ein gro\u00dfer Esstisch befindet sich zwischen der K\u00fcche und dem Wohnzimmer neben dem Innenkamin, ideal f\u00fcr ein Abendessen in angenehmer Gesellschaft.<\/p>\n<\/div>\n<div class=\"col-md-6\">\n<p>Die Villa 6 verf\u00fcgt \u00fcber f\u00fcnf ger\u00e4umige Schlafzimmer mit Doppelbetten und 5 wundersch\u00f6n eingerichtete B\u00e4der. Im wundersch\u00f6n angelegten Garten der Villa 6 befindet sich ein Infinity-Pool, in dem Sie jeden Tag ein erfrischendes Bad nehmen k\u00f6nnen, und zur Entspannung gibt es einen sch\u00f6nen Au\u00dfen-Whirlpool auf dem Dach der Villa. Unterkunft verf\u00fcgt \u00fcber eine Wohnfl\u00e4che von 450 m\u00b2, ist mit dem modernsten Einbruchsicherungssystem ausgestattet und bietet ihren G\u00e4sten alles: Luxus, sch\u00f6ne Landschaft, Unterhaltung und nat\u00fcrlich einen wohlverdienten Urlaub.<\/p>\n<p>Die Villa ist voll klimatisiert und verf\u00fcgt \u00fcber Fu\u00dfbodenheizung in allen B\u00e4dern. Die G\u00e4ste haben Zugang zu einer Waschk\u00fcche mit Waschmaschine und Trockner, B\u00fcgeleisen und B\u00fcgelbrett sowie Handt\u00fcchern. Der private Au\u00dfenparkplatz befindet sich direkt am Eingang.<\/p>\n<p>W\u00e4hlen Sie Villa 6 und geben Sie sich ganz dem Mittelmeer hin.<\/p>\n<\/div>\n<\/div>\n","protected":false},"excerpt":{"rendered":"<p>Willkommen in der luxuri\u00f6sen Villa 6, der perfekten Mischung aus Tradition und Trend! Wenn Sie von einer Flucht in eine mediterrane Oase mit erstaunlichem Panoramablick tr\u00e4umen, dann ist Villa 6 genau das, wonach Sie suchen! Das Ferienhaus befindet sich in Podstrana, nur einen Kilometer vom Meer entfernt und nicht weit von attraktiven touristischen Orten wie<\/p>\n","protected":false},"author":1,"featured_media":644,"parent":0,"menu_order":0,"comment_status":"closed","ping_status":"closed","template":"page-templates\/house.php","meta":[],"acf":[],"yoast_head":"<!-- This site is optimized with the Yoast SEO plugin v16.7 - https:\/\/yoast.com\/wordpress\/plugins\/seo\/ -->\n<title>Villa 6 - Luksuzne vile u Splitu<\/title>\n<meta name=\"robots\" content=\"index, follow, max-snippet:-1, max-image-preview:large, max-video-preview:-1\" \/>\n<link rel=\"canonical\" href=\"https:\/\/villas69.com\/de\/villa-6\/\" \/>\n<meta property=\"og:locale\" content=\"de_DE\" \/>\n<meta property=\"og:type\" content=\"article\" \/>\n<meta property=\"og:title\" content=\"Villa 6 - Luksuzne vile u Splitu\" \/>\n<meta property=\"og:description\" content=\"Willkommen in der luxuri\u00f6sen Villa 6, der perfekten Mischung aus Tradition und Trend! Wenn Sie von einer Flucht in eine mediterrane Oase mit erstaunlichem Panoramablick tr\u00e4umen, dann ist Villa 6 genau das, wonach Sie suchen! Das Ferienhaus befindet sich in Podstrana, nur einen Kilometer vom Meer entfernt und nicht weit von attraktiven touristischen Orten wie\" \/>\n<meta property=\"og:url\" content=\"https:\/\/villas69.com\/de\/villa-6\/\" \/>\n<meta property=\"og:site_name\" content=\"Luksuzne vile u Splitu\" \/>\n<meta property=\"article:modified_time\" content=\"2023-03-07T07:49:35+00:00\" \/>\n<meta property=\"og:image\" content=\"http:\/\/villas69.com\/wp-content\/uploads\/2023\/01\/villa_6-home.jpg\" \/>\n\t<meta property=\"og:image:width\" content=\"1920\" \/>\n\t<meta property=\"og:image:height\" content=\"1438\" \/>\n<meta name=\"twitter:card\" content=\"summary_large_image\" \/>\n<meta name=\"twitter:label1\" content=\"Gesch\u00e4tzte Lesezeit\" \/>\n\t<meta name=\"twitter:data1\" content=\"2\u00a0Minuten\" \/>\n<script type=\"application\/ld+json\" class=\"yoast-schema-graph\">{\"@context\":\"https:\/\/schema.org\",\"@graph\":[{\"@type\":\"Organization\",\"@id\":\"https:\/\/villas69.com\/#organization\",\"name\":\"Villas 69\",\"url\":\"https:\/\/villas69.com\/\",\"sameAs\":[],\"logo\":{\"@type\":\"ImageObject\",\"@id\":\"https:\/\/villas69.com\/#logo\",\"inLanguage\":\"de\",\"url\":\"http:\/\/villas69.com\/wp-content\/uploads\/2020\/10\/cropped-favicon.png\",\"contentUrl\":\"http:\/\/villas69.com\/wp-content\/uploads\/2020\/10\/cropped-favicon.png\",\"width\":512,\"height\":512,\"caption\":\"Villas 69\"},\"image\":{\"@id\":\"https:\/\/villas69.com\/#logo\"}},{\"@type\":\"WebSite\",\"@id\":\"https:\/\/villas69.com\/#website\",\"url\":\"https:\/\/villas69.com\/\",\"name\":\"Luksuzne vile u Splitu\",\"description\":\"Villas 69\",\"publisher\":{\"@id\":\"https:\/\/villas69.com\/#organization\"},\"potentialAction\":[{\"@type\":\"SearchAction\",\"target\":{\"@type\":\"EntryPoint\",\"urlTemplate\":\"https:\/\/villas69.com\/?s={search_term_string}\"},\"query-input\":\"required name=search_term_string\"}],\"inLanguage\":\"de\"},{\"@type\":\"ImageObject\",\"@id\":\"https:\/\/villas69.com\/de\/villa-6\/#primaryimage\",\"inLanguage\":\"de\",\"url\":\"https:\/\/villas69.com\/wp-content\/uploads\/2023\/01\/villa_6-home.jpg\",\"contentUrl\":\"https:\/\/villas69.com\/wp-content\/uploads\/2023\/01\/villa_6-home.jpg\",\"width\":1920,\"height\":1438,\"caption\":\"Boat\"},{\"@type\":\"WebPage\",\"@id\":\"https:\/\/villas69.com\/de\/villa-6\/#webpage\",\"url\":\"https:\/\/villas69.com\/de\/villa-6\/\",\"name\":\"Villa 6 - Luksuzne vile u Splitu\",\"isPartOf\":{\"@id\":\"https:\/\/villas69.com\/#website\"},\"primaryImageOfPage\":{\"@id\":\"https:\/\/villas69.com\/de\/villa-6\/#primaryimage\"},\"datePublished\":\"2020-09-04T07:12:38+00:00\",\"dateModified\":\"2023-03-07T07:49:35+00:00\",\"breadcrumb\":{\"@id\":\"https:\/\/villas69.com\/de\/villa-6\/#breadcrumb\"},\"inLanguage\":\"de\",\"potentialAction\":[{\"@type\":\"ReadAction\",\"target\":[\"https:\/\/villas69.com\/de\/villa-6\/\"]}]},{\"@type\":\"BreadcrumbList\",\"@id\":\"https:\/\/villas69.com\/de\/villa-6\/#breadcrumb\",\"itemListElement\":[{\"@type\":\"ListItem\",\"position\":1,\"name\":\"Home\",\"item\":\"https:\/\/villas69.com\/de\/\"},{\"@type\":\"ListItem\",\"position\":2,\"name\":\"Villa 6\"}]}]}<\/script>\n<!-- \/ Yoast SEO plugin. -->","yoast_head_json":{"title":"Villa 6 - Luksuzne vile u Splitu","robots":{"index":"index","follow":"follow","max-snippet":"max-snippet:-1","max-image-preview":"max-image-preview:large","max-video-preview":"max-video-preview:-1"},"canonical":"https:\/\/villas69.com\/de\/villa-6\/","og_locale":"de_DE","og_type":"article","og_title":"Villa 6 - Luksuzne vile u Splitu","og_description":"Willkommen in der luxuri\u00f6sen Villa 6, der perfekten Mischung aus Tradition und Trend! Wenn Sie von einer Flucht in eine mediterrane Oase mit erstaunlichem Panoramablick tr\u00e4umen, dann ist Villa 6 genau das, wonach Sie suchen! Das Ferienhaus befindet sich in Podstrana, nur einen Kilometer vom Meer entfernt und nicht weit von attraktiven touristischen Orten wie","og_url":"https:\/\/villas69.com\/de\/villa-6\/","og_site_name":"Luksuzne vile u Splitu","article_modified_time":"2023-03-07T07:49:35+00:00","og_image":[{"width":1920,"height":1438,"url":"http:\/\/villas69.com\/wp-content\/uploads\/2023\/01\/villa_6-home.jpg","path":"\/home\/spihr\/villas69.com\/wp-content\/uploads\/2023\/01\/villa_6-home.jpg","size":"full","id":644,"alt":"","pixels":2760960,"type":"image\/jpeg"}],"twitter_card":"summary_large_image","twitter_misc":{"Gesch\u00e4tzte Lesezeit":"2\u00a0Minuten"},"schema":{"@context":"https:\/\/schema.org","@graph":[{"@type":"Organization","@id":"https:\/\/villas69.com\/#organization","name":"Villas 69","url":"https:\/\/villas69.com\/","sameAs":[],"logo":{"@type":"ImageObject","@id":"https:\/\/villas69.com\/#logo","inLanguage":"de","url":"http:\/\/villas69.com\/wp-content\/uploads\/2020\/10\/cropped-favicon.png","contentUrl":"http:\/\/villas69.com\/wp-content\/uploads\/2020\/10\/cropped-favicon.png","width":512,"height":512,"caption":"Villas 69"},"image":{"@id":"https:\/\/villas69.com\/#logo"}},{"@type":"WebSite","@id":"https:\/\/villas69.com\/#website","url":"https:\/\/villas69.com\/","name":"Luksuzne vile u Splitu","description":"Villas 69","publisher":{"@id":"https:\/\/villas69.com\/#organization"},"potentialAction":[{"@type":"SearchAction","target":{"@type":"EntryPoint","urlTemplate":"https:\/\/villas69.com\/?s={search_term_string}"},"query-input":"required name=search_term_string"}],"inLanguage":"de"},{"@type":"ImageObject","@id":"https:\/\/villas69.com\/de\/villa-6\/#primaryimage","inLanguage":"de","url":"https:\/\/villas69.com\/wp-content\/uploads\/2023\/01\/villa_6-home.jpg","contentUrl":"https:\/\/villas69.com\/wp-content\/uploads\/2023\/01\/villa_6-home.jpg","width":1920,"height":1438,"caption":"Boat"},{"@type":"WebPage","@id":"https:\/\/villas69.com\/de\/villa-6\/#webpage","url":"https:\/\/villas69.com\/de\/villa-6\/","name":"Villa 6 - Luksuzne vile u Splitu","isPartOf":{"@id":"https:\/\/villas69.com\/#website"},"primaryImageOfPage":{"@id":"https:\/\/villas69.com\/de\/villa-6\/#primaryimage"},"datePublished":"2020-09-04T07:12:38+00:00","dateModified":"2023-03-07T07:49:35+00:00","breadcrumb":{"@id":"https:\/\/villas69.com\/de\/villa-6\/#breadcrumb"},"inLanguage":"de","potentialAction":[{"@type":"ReadAction","target":["https:\/\/villas69.com\/de\/villa-6\/"]}]},{"@type":"BreadcrumbList","@id":"https:\/\/villas69.com\/de\/villa-6\/#breadcrumb","itemListElement":[{"@type":"ListItem","position":1,"name":"Home","item":"https:\/\/villas69.com\/de\/"},{"@type":"ListItem","position":2,"name":"Villa 6"}]}]}},"_links":{"self":[{"href":"https:\/\/villas69.com\/de\/wp-json\/wp\/v2\/pages\/650"}],"collection":[{"href":"https:\/\/villas69.com\/de\/wp-json\/wp\/v2\/pages"}],"about":[{"href":"https:\/\/villas69.com\/de\/wp-json\/wp\/v2\/types\/page"}],"author":[{"embeddable":true,"href":"https:\/\/villas69.com\/de\/wp-json\/wp\/v2\/users\/1"}],"replies":[{"embeddable":true,"href":"https:\/\/villas69.com\/de\/wp-json\/wp\/v2\/comments?post=650"}],"version-history":[{"count":6,"href":"https:\/\/villas69.com\/de\/wp-json\/wp\/v2\/pages\/650\/revisions"}],"predecessor-version":[{"id":714,"href":"https:\/\/villas69.com\/de\/wp-json\/wp\/v2\/pages\/650\/revisions\/714"}],"wp:featuredmedia":[{"embeddable":true,"href":"https:\/\/villas69.com\/de\/wp-json\/wp\/v2\/media\/644"}],"wp:attachment":[{"href":"https:\/\/villas69.com\/de\/wp-json\/wp\/v2\/media?parent=650"}],"curies":[{"name":"wp","href":"https:\/\/api.w.org\/{rel}","templated":true}]}}