{"id":600,"date":"2020-07-20T09:06:37","date_gmt":"2020-07-20T08:06:37","guid":{"rendered":"http:\/\/ilstudio.hr\/villa69\/sample-page\/"},"modified":"2023-03-07T08:02:16","modified_gmt":"2023-03-07T07:02:16","slug":"sample-page","status":"publish","type":"page","link":"https:\/\/villas69.com\/de\/","title":{"rendered":"Private Luxusvillen Split"},"content":{"rendered":"<div class=\"row\">\n<div class=\"col-md-6\">Die Villen 69 bestehen aus drei privaten Luxus-Ferienh\u00e4usern, die sich an den H\u00e4ngen des Perun-H\u00fcgels befinden, nur 15 Autominuten von Split entfernt. Da die Villen Teil eines privaten Komplexes sind, ist maximale Privatsph\u00e4re und Sicherheit garantiert. Die ruhige mediterrane Umgebung erm\u00f6glicht einen entspannten Urlaub mit Blick auf die Adria, die dalmatinischen Inseln und die Stadt Split.<\/div>\n<div class=\"col-md-6\">Egal ob Sie sich am privaten Pool sonnen, sich in den ger\u00e4umigen Wohnzimmern aufhalten, in der Sauna entspannen oder ein Glas Ihres Lieblingsgetr\u00e4nks im Jacuzzi genie\u00dfen m\u00f6chten &#8211; die M\u00f6glichkeiten sind endlos, denn Villas 69 bieten alles. Wenn Sie sich entscheiden, in die Stadt zu fahren, werden Sie feststellen, dass Split eine gro\u00dfartige Gastronomieszene mit verschiedenen und hochwertigen Restaurants, ein reiches kulturelles und historisches Erbe und eine lebendige Clubszene mit dem Ultra Europe Festival im Mittelpunkt hat.<\/div>\n<\/div>\n","protected":false},"excerpt":{"rendered":"<p>Die Villen 69 bestehen aus drei privaten Luxus-Ferienh\u00e4usern, die sich an den H\u00e4ngen des Perun-H\u00fcgels befinden, nur 15 Autominuten von Split entfernt. Da die Villen Teil eines privaten Komplexes sind, ist maximale Privatsph\u00e4re und Sicherheit garantiert. Die ruhige mediterrane Umgebung erm\u00f6glicht einen entspannten Urlaub mit Blick auf die Adria, die dalmatinischen Inseln und die Stadt<\/p>\n","protected":false},"author":1,"featured_media":400,"parent":0,"menu_order":0,"comment_status":"closed","ping_status":"open","template":"page-templates\/homepage.php","meta":[],"acf":[],"yoast_head":"<!-- This site is optimized with the Yoast SEO plugin v16.7 - https:\/\/yoast.com\/wordpress\/plugins\/seo\/ -->\n<title>Private Luxusvillen Split - Villas69<\/title>\n<meta name=\"description\" content=\"Die Villen 69 bestehen aus drei privaten Luxus-Ferienh\u00e4usern, die sich an den H\u00e4ngen des Perun-H\u00fcgels befinden, nur 15 Autominuten von Split entfernt.\" \/>\n<meta name=\"robots\" content=\"index, follow, max-snippet:-1, max-image-preview:large, max-video-preview:-1\" \/>\n<link rel=\"canonical\" href=\"https:\/\/villas69.com\/de\/\" \/>\n<meta property=\"og:locale\" content=\"de_DE\" \/>\n<meta property=\"og:type\" content=\"article\" \/>\n<meta property=\"og:title\" content=\"Private Luxusvillen Split - Villas69\" \/>\n<meta property=\"og:description\" content=\"Die Villen 69 bestehen aus drei privaten Luxus-Ferienh\u00e4usern, die sich an den H\u00e4ngen des Perun-H\u00fcgels befinden, nur 15 Autominuten von Split entfernt.\" \/>\n<meta property=\"og:url\" content=\"https:\/\/villas69.com\/de\/\" \/>\n<meta property=\"og:site_name\" content=\"Luksuzne vile u Splitu\" \/>\n<meta property=\"article:modified_time\" content=\"2023-03-07T07:02:16+00:00\" \/>\n<meta property=\"og:image\" content=\"http:\/\/villas69.com\/wp-content\/uploads\/2020\/07\/1_IMG_0121-scaled.jpg\" \/>\n\t<meta property=\"og:image:width\" content=\"2560\" \/>\n\t<meta property=\"og:image:height\" content=\"1707\" \/>\n<meta name=\"twitter:card\" content=\"summary_large_image\" \/>\n<meta name=\"twitter:label1\" content=\"Gesch\u00e4tzte Lesezeit\" \/>\n\t<meta name=\"twitter:data1\" content=\"1\u00a0Minute\" \/>\n<script type=\"application\/ld+json\" class=\"yoast-schema-graph\">{\"@context\":\"https:\/\/schema.org\",\"@graph\":[{\"@type\":\"Organization\",\"@id\":\"https:\/\/villas69.com\/#organization\",\"name\":\"Villas 69\",\"url\":\"https:\/\/villas69.com\/\",\"sameAs\":[],\"logo\":{\"@type\":\"ImageObject\",\"@id\":\"https:\/\/villas69.com\/#logo\",\"inLanguage\":\"de\",\"url\":\"http:\/\/villas69.com\/wp-content\/uploads\/2020\/10\/cropped-favicon.png\",\"contentUrl\":\"http:\/\/villas69.com\/wp-content\/uploads\/2020\/10\/cropped-favicon.png\",\"width\":512,\"height\":512,\"caption\":\"Villas 69\"},\"image\":{\"@id\":\"https:\/\/villas69.com\/#logo\"}},{\"@type\":\"WebSite\",\"@id\":\"https:\/\/villas69.com\/#website\",\"url\":\"https:\/\/villas69.com\/\",\"name\":\"Luksuzne vile u Splitu\",\"description\":\"Villas 69\",\"publisher\":{\"@id\":\"https:\/\/villas69.com\/#organization\"},\"potentialAction\":[{\"@type\":\"SearchAction\",\"target\":{\"@type\":\"EntryPoint\",\"urlTemplate\":\"https:\/\/villas69.com\/?s={search_term_string}\"},\"query-input\":\"required name=search_term_string\"}],\"inLanguage\":\"de\"},{\"@type\":\"ImageObject\",\"@id\":\"https:\/\/villas69.com\/de\/#primaryimage\",\"inLanguage\":\"de\",\"url\":\"https:\/\/villas69.com\/wp-content\/uploads\/2020\/07\/1_IMG_0121-scaled.jpg\",\"contentUrl\":\"https:\/\/villas69.com\/wp-content\/uploads\/2020\/07\/1_IMG_0121-scaled.jpg\",\"width\":2560,\"height\":1707},{\"@type\":\"WebPage\",\"@id\":\"https:\/\/villas69.com\/de\/#webpage\",\"url\":\"https:\/\/villas69.com\/de\/\",\"name\":\"Private Luxusvillen Split - Villas69\",\"isPartOf\":{\"@id\":\"https:\/\/villas69.com\/#website\"},\"primaryImageOfPage\":{\"@id\":\"https:\/\/villas69.com\/de\/#primaryimage\"},\"datePublished\":\"2020-07-20T08:06:37+00:00\",\"dateModified\":\"2023-03-07T07:02:16+00:00\",\"description\":\"Die Villen 69 bestehen aus drei privaten Luxus-Ferienh\\u00e4usern, die sich an den H\\u00e4ngen des Perun-H\\u00fcgels befinden, nur 15 Autominuten von Split entfernt.\",\"breadcrumb\":{\"@id\":\"https:\/\/villas69.com\/de\/#breadcrumb\"},\"inLanguage\":\"de\",\"potentialAction\":[{\"@type\":\"ReadAction\",\"target\":[\"https:\/\/villas69.com\/de\/\"]}]},{\"@type\":\"BreadcrumbList\",\"@id\":\"https:\/\/villas69.com\/de\/#breadcrumb\",\"itemListElement\":[{\"@type\":\"ListItem\",\"position\":1,\"name\":\"Home\",\"item\":\"https:\/\/villas69.com\/de\/\"},{\"@type\":\"ListItem\",\"position\":2,\"name\":\"Private Luxusvillen Split\"}]}]}<\/script>\n<!-- \/ Yoast SEO plugin. -->","yoast_head_json":{"title":"Private Luxusvillen Split - Villas69","description":"Die Villen 69 bestehen aus drei privaten Luxus-Ferienh\u00e4usern, die sich an den H\u00e4ngen des Perun-H\u00fcgels befinden, nur 15 Autominuten von Split entfernt.","robots":{"index":"index","follow":"follow","max-snippet":"max-snippet:-1","max-image-preview":"max-image-preview:large","max-video-preview":"max-video-preview:-1"},"canonical":"https:\/\/villas69.com\/de\/","og_locale":"de_DE","og_type":"article","og_title":"Private Luxusvillen Split - Villas69","og_description":"Die Villen 69 bestehen aus drei privaten Luxus-Ferienh\u00e4usern, die sich an den H\u00e4ngen des Perun-H\u00fcgels befinden, nur 15 Autominuten von Split entfernt.","og_url":"https:\/\/villas69.com\/de\/","og_site_name":"Luksuzne vile u Splitu","article_modified_time":"2023-03-07T07:02:16+00:00","og_image":[{"width":2560,"height":1707,"url":"http:\/\/villas69.com\/wp-content\/uploads\/2020\/07\/1_IMG_0121-scaled.jpg","path":"\/home\/spihr\/villas69.com\/wp-content\/uploads\/2020\/07\/1_IMG_0121-scaled.jpg","size":"full","id":400,"alt":"","pixels":4369920,"type":"image\/jpeg"}],"twitter_card":"summary_large_image","twitter_misc":{"Gesch\u00e4tzte Lesezeit":"1\u00a0Minute"},"schema":{"@context":"https:\/\/schema.org","@graph":[{"@type":"Organization","@id":"https:\/\/villas69.com\/#organization","name":"Villas 69","url":"https:\/\/villas69.com\/","sameAs":[],"logo":{"@type":"ImageObject","@id":"https:\/\/villas69.com\/#logo","inLanguage":"de","url":"http:\/\/villas69.com\/wp-content\/uploads\/2020\/10\/cropped-favicon.png","contentUrl":"http:\/\/villas69.com\/wp-content\/uploads\/2020\/10\/cropped-favicon.png","width":512,"height":512,"caption":"Villas 69"},"image":{"@id":"https:\/\/villas69.com\/#logo"}},{"@type":"WebSite","@id":"https:\/\/villas69.com\/#website","url":"https:\/\/villas69.com\/","name":"Luksuzne vile u Splitu","description":"Villas 69","publisher":{"@id":"https:\/\/villas69.com\/#organization"},"potentialAction":[{"@type":"SearchAction","target":{"@type":"EntryPoint","urlTemplate":"https:\/\/villas69.com\/?s={search_term_string}"},"query-input":"required name=search_term_string"}],"inLanguage":"de"},{"@type":"ImageObject","@id":"https:\/\/villas69.com\/de\/#primaryimage","inLanguage":"de","url":"https:\/\/villas69.com\/wp-content\/uploads\/2020\/07\/1_IMG_0121-scaled.jpg","contentUrl":"https:\/\/villas69.com\/wp-content\/uploads\/2020\/07\/1_IMG_0121-scaled.jpg","width":2560,"height":1707},{"@type":"WebPage","@id":"https:\/\/villas69.com\/de\/#webpage","url":"https:\/\/villas69.com\/de\/","name":"Private Luxusvillen Split - Villas69","isPartOf":{"@id":"https:\/\/villas69.com\/#website"},"primaryImageOfPage":{"@id":"https:\/\/villas69.com\/de\/#primaryimage"},"datePublished":"2020-07-20T08:06:37+00:00","dateModified":"2023-03-07T07:02:16+00:00","description":"Die Villen 69 bestehen aus drei privaten Luxus-Ferienh\u00e4usern, die sich an den H\u00e4ngen des Perun-H\u00fcgels befinden, nur 15 Autominuten von Split entfernt.","breadcrumb":{"@id":"https:\/\/villas69.com\/de\/#breadcrumb"},"inLanguage":"de","potentialAction":[{"@type":"ReadAction","target":["https:\/\/villas69.com\/de\/"]}]},{"@type":"BreadcrumbList","@id":"https:\/\/villas69.com\/de\/#breadcrumb","itemListElement":[{"@type":"ListItem","position":1,"name":"Home","item":"https:\/\/villas69.com\/de\/"},{"@type":"ListItem","position":2,"name":"Private Luxusvillen Split"}]}]}},"_links":{"self":[{"href":"https:\/\/villas69.com\/de\/wp-json\/wp\/v2\/pages\/600"}],"collection":[{"href":"https:\/\/villas69.com\/de\/wp-json\/wp\/v2\/pages"}],"about":[{"href":"https:\/\/villas69.com\/de\/wp-json\/wp\/v2\/types\/page"}],"author":[{"embeddable":true,"href":"https:\/\/villas69.com\/de\/wp-json\/wp\/v2\/users\/1"}],"replies":[{"embeddable":true,"href":"https:\/\/villas69.com\/de\/wp-json\/wp\/v2\/comments?post=600"}],"version-history":[{"count":3,"href":"https:\/\/villas69.com\/de\/wp-json\/wp\/v2\/pages\/600\/revisions"}],"predecessor-version":[{"id":698,"href":"https:\/\/villas69.com\/de\/wp-json\/wp\/v2\/pages\/600\/revisions\/698"}],"wp:featuredmedia":[{"embeddable":true,"href":"https:\/\/villas69.com\/de\/wp-json\/wp\/v2\/media\/400"}],"wp:attachment":[{"href":"https:\/\/villas69.com\/de\/wp-json\/wp\/v2\/media?parent=600"}],"curies":[{"name":"wp","href":"https:\/\/api.w.org\/{rel}","templated":true}]}}